{"id":4,"date":"2026-02-22T09:57:02","date_gmt":"2026-02-22T08:57:02","guid":{"rendered":"https:\/\/dev.minilernkreis.de\/rhein-main\/ueber-uns\/"},"modified":"2026-02-22T09:57:02","modified_gmt":"2026-02-22T08:57:02","slug":"ueber-uns","status":"publish","type":"page","link":"https:\/\/minilernkreis.de\/rhein-main\/ueber-uns\/","title":{"rendered":"\u00dcber uns"},"content":{"rendered":"\n\n<div class=\"wp-block-group has-base-background-color has-background is-layout-flow wp-block-group-is-layout-flow\" style=\"padding-top:0;padding-bottom:0\">\n\t\n\t<div class=\"wp-block-group px-4 py-5 has-light-background-color has-background is-layout-constrained wp-container-core-group-is-layout-18f2974a wp-block-group-is-layout-constrained\" style=\"margin-top:0;margin-bottom:0;padding-top:var(--wp--preset--spacing--80);padding-bottom:var(--wp--preset--spacing--80)\">\n\t\t\n\t\t<h1 class=\"wp-block-heading has-primary-color has-text-color has-raleway-font-family\"><strong>Der Mini-Lernkreis\n\t\t\t\tin der Region Renate Fink-Gute<\/strong><\/h1>\n\t\t\n\n\t\t\n\t\t<div style=\"height:20px\" aria-hidden=\"true\" class=\"wp-block-spacer\"><\/div>\n\t\t\n\n\t\t\n\t\t<div class=\"wp-block-columns is-layout-flex wp-container-core-columns-is-layout-cf05694f wp-block-columns-is-layout-flex\">\n\t\t\t<div class=\"wp-block-column is-layout-flow wp-block-column-is-layout-flow\">\n\t\t\t\t<p>Seit <strong>1974<\/strong> steht der <strong>Mini-Lernkreis<\/strong> \u2013 urspr\u00fcnglich als \u201eLehrinstitut\n\t\t\t\t\tAdam\u201c gegr\u00fcndet \u2013 f\u00fcr <strong>erfolgreiche Sch\u00fclerf\u00f6rderung<\/strong> in ganz Deutschland. Heute sind\n\t\t\t\t\twir mit <strong>qualifizierten Lehrkr\u00e4ften<\/strong> auch in der Region Renate Fink-Gute vertreten\n\t\t\t\t\tund bieten <strong>individuelle Nachhilfe in Mini-Gruppen<\/strong> \u2013 f\u00fcr mehr Motivation, bessere\n\t\t\t\t\tNoten und Freude am Lernen.<\/p>\n\t\t\t\t\n\t\t\t<\/div>\n\t\t\t\n\n\t\t\t\n\t\t\t<div class=\"wp-block-column is-layout-flow wp-block-column-is-layout-flow\">\n\t\t\t\t\n\t\t\t\t<figure class=\"wp-block-image aligncenter size-full has-custom-border\"><img decoding=\"async\" src=\"https:\/\/minilernkreis.de\/gr-nol\/wp-content\/uploads\/sites\/3\/Bild_ET-1.jpg\" alt=\"Portrait Mini-Lernkreis-Leitung Renate Fink-Gute - Renate Fink-Gute\" class=\"wp-image-139\" style=\"border-top-left-radius:20px;border-top-right-radius:20px;border-bottom-left-radius:20px;border-bottom-right-radius:20px\" title=\"Portrait Mini-Lernkreis-Leitung Renate Fink-Gute - Renate Fink-Gute\" \/>\n\t\t\t\t\t<figcaption class=\"wp-element-caption\">Mini-Lernkreis-Leitung<br>Renate Fink-Gute<\/figcaption>\n\t\t\t\t<\/figure>\n\t\t\t\t\n\t\t\t<\/div>\n\t\t\t\n\t\t<\/div>\n\t\t\n\t<\/div>\n\t\n<\/div>\n\n\n\n<div class=\"wp-block-group is-layout-constrained wp-block-group-is-layout-constrained\">\n\t<div class=\"wp-block-group is-layout-constrained wp-container-core-group-is-layout-4383d167 wp-block-group-is-layout-constrained\">\n\t\t\n\t\t<div class=\"wp-block-group is-nowrap is-layout-flex wp-container-core-group-is-layout-f1189ed3 wp-block-group-is-layout-flex\">\n\t\t\t\n\t\t\t<p class=\"has-text-color has-link-color wp-elements-ced969d06f3ad6d5a5790c0454cfcad9\" style=\"font-size:0.8em;font-style:normal;font-weight:600\">Sie sind\n\t\t\t\thier: <\/p>\n\t\t\t\n\n\t\t\t<div class=\"yoast-breadcrumbs\"><span><span><a href=\"https:\/\/minilernkreis.de\/rhein-main\/\">Start<\/a><\/span> \u00bb <span class=\"breadcrumb_last\" aria-current=\"page\">\u00dcber uns<\/span><\/span><\/div>\n\t\t<\/div>\n\t\t\n\t<\/div>\n\t\n<\/div>\n\n\n\n<div class=\"wp-block-group mt-5 is-layout-constrained wp-block-group-is-layout-constrained\">\n\t<div class=\"wp-block-group is-layout-constrained wp-container-core-group-is-layout-4383d167 wp-block-group-is-layout-constrained\">\n\t\t<h2 class=\"wp-block-heading has-text-align-center has-primary-color has-text-color\"><strong>Unser Konzept:\n\t\t\t<\/strong><br><strong>Lernen in pers\u00f6nlicher Atmosph\u00e4re<\/strong><\/h2>\n\t\t\n\n\t\t\n\t\t<p class=\"has-text-align-center\">In unseren <strong>kleinen Lerngruppen<\/strong> f\u00f6rdern wir nicht nur Wissen,\n\t\t\tsondern auch <strong>Selbstvertrauen, Ausdauer und Konzentration<\/strong>. Unser Ziel ist es,\n\t\t\t<strong>Schulangst und Notendruck abzubauen<\/strong> und den Spa\u00df am Lernen zur\u00fcckzubringen. Durch gezielte\n\t\t\tUnterst\u00fctzung helfen wir Sch\u00fclern, <strong>eigenst\u00e4ndiger zu arbeiten<\/strong> und ihre schulischen\n\t\t\tHerausforderungen zu meistern.<\/p>\n\t\t\n\t<\/div>\n\t\n<\/div>\n\n\n\n<div class=\"wp-block-group is-layout-constrained wp-block-group-is-layout-constrained\">\n\t\n\t<div class=\"wp-block-group is-layout-constrained wp-container-core-group-is-layout-a22d48ea wp-block-group-is-layout-constrained\" style=\"margin-top:var(--wp--preset--spacing--80);margin-bottom:var(--wp--preset--spacing--80)\">\n\t\t\n\t\t<h2 class=\"wp-block-heading has-text-align-center has-primary-color has-text-color\"><strong>Unser Angebot:\n\t\t\t<\/strong><br><strong>Vielf\u00e4ltige F\u00e4cher &amp; F\u00f6rderungen<\/strong><\/h2>\n\t\t\n\n\t\t\n\t\t<div style=\"height:10px\" aria-hidden=\"true\" class=\"wp-block-spacer\"><\/div>\n\t\t\n\n\t\t\n\t\t<p class=\"has-text-align-center\" style=\"margin-bottom:var(--wp--preset--spacing--20)\">Wir bieten\n\t\t\t<strong>individuelle Lehrg\u00e4nge<\/strong> in folgenden Bereichen:<\/p>\n\t\t\n\n\t\t\n\t\t<div style=\"height:10px\" aria-hidden=\"true\" class=\"wp-block-spacer\"><\/div>\n\t\t\n\n\t\t\n\t\t<p class=\"has-text-align-center\" style=\"margin-bottom:0\">Deutsch (Rechtschreibung, Grammatik, Aufsatz)<\/p>\n\t\t\n\n\t\t\n\t\t<p class=\"has-text-align-center\">Mathematik (Grundrechenarten, Textaufgaben, Geometrie, Algebra)<\/p>\n\t\t\n\n\t\t\n\t\t<p class=\"has-text-align-center\">Englisch (Vokabular, Grammatik, Listening Comprehension)<\/p>\n\t\t\n\n\t\t\n\t\t<p class=\"has-text-align-center\">Latein (Vokabular, Formen- und Satzlehre)<\/p>\n\t\t\n\n\t\t\n\t\t<p class=\"has-text-align-center\">Polnisch (Vokabular, Formen- und Satzlehre)<\/p>\n\t\t\n\n\t\t\n\t\t<p class=\"has-text-align-center\">Franz\u00f6sisch (Vokabular, Grammatik, Konversation)<\/p>\n\t\t\n\n\t\t\n\t\t<p class=\"has-text-align-center\">Pr\u00fcfungsvorbereitung<\/p>\n\t\t\n\n\t\t\n\t\t<p class=\"has-text-align-center\">F\u00f6rderunterricht bei Lese-Rechtschreibschw\u00e4che<\/p>\n\t\t\n\n\t\t\n\t\t<p class=\"has-text-align-center\">weitere Kurse und F\u00e4cher<\/p>\n\t\t\n\t<\/div>\n\t\n<\/div>\n\n\n\n<div class=\"wp-block-group is-layout-constrained wp-block-group-is-layout-constrained\">\n\t\n\t<div class=\"wp-block-group has-light-background-color has-background is-layout-constrained wp-container-core-group-is-layout-ad319cd6 wp-block-group-is-layout-constrained\" style=\"padding-top:var(--wp--preset--spacing--80);padding-bottom:var(--wp--preset--spacing--80)\">\n\t\t\n\t\t<h2 class=\"wp-block-heading has-primary-color has-text-color\"><strong>Individuelle F\u00f6rderung f\u00fcr jeden\n\t\t\t\tSch\u00fcler<\/strong><\/h2>\n\t\t\n\n\t\t\n\t\t<p style=\"margin-bottom:var(--wp--preset--spacing--20)\">Um die <strong>bestm\u00f6gliche Unterst\u00fctzung<\/strong> zu\n\t\t\tbieten, f\u00fchren unsere Lehrkr\u00e4fte zu Beginn eines jeden Lehrgangs einen <strong>informellen\n\t\t\t\tLernstandtest<\/strong> durch. Ein Lehrgang dauert mindestens <strong>sechs Monate<\/strong> (je eine\n\t\t\tDoppelstunde pro Woche) und basiert auf <strong>spezialisierten Lehrmaterialien<\/strong> sowie den\n\t\t\tSchulb\u00fcchern der Teilnehmer.<\/p>\n\t\t\n\n\t\t\n\t\t<div style=\"height:25px\" aria-hidden=\"true\" class=\"wp-block-spacer\"><\/div>\n\t\t\n\n\t\t\n\t\t<h2 class=\"wp-block-heading has-primary-color has-text-color\"><strong>Mini-Lernkreis in Ihrer N\u00e4he<\/strong><\/h2>\n\t\t\n\n\t\t\n\t\t<p style=\"margin-bottom:var(--wp--preset--spacing--20)\">Sie suchen <strong>Nachhilfe in\n\t\t\t\tRenate Fink-Gute<\/strong>? Bei uns finden Sie <strong>kleine Lerngruppen in Ihrer Region<\/strong> \u2013\n\t\t\tf\u00fcr eine <strong>pers\u00f6nliche und effektive F\u00f6rderung<\/strong>.<\/p>\n\t\t\n\n\t\t\n\t\t<p>In unseren Standorten k\u00f6nnen Sie eine Gruppe in Ihrer N\u00e4he finden.<\/p>\n\t\t\n\t<\/div>\n\t\n<\/div>\n\n","protected":false},"excerpt":{"rendered":"<p>Der Mini-Lernkreis in der Region Renate Fink-Gute Seit 1974 steht der Mini-Lernkreis \u2013 urspr\u00fcnglich als \u201eLehrinstitut Adam\u201c gegr\u00fcndet \u2013 f\u00fcr erfolgreiche Sch\u00fclerf\u00f6rderung in ganz Deutschland. Heute sind wir mit qualifizierten Lehrkr\u00e4ften auch in der Region Renate Fink-Gute vertreten und bieten individuelle Nachhilfe in Mini-Gruppen \u2013 f\u00fcr mehr Motivation, bessere Noten und Freude am Lernen. Sie [&hellip;]<\/p>\n","protected":false},"author":5,"featured_media":0,"parent":0,"menu_order":0,"comment_status":"closed","ping_status":"closed","template":"page-partner","meta":{"inline_featured_image":false,"mlk_zustaendigkeit":"","mlk_adresse":"","mlk_email":"","mlk_telefon":"","footnotes":""},"class_list":["post-4","page","type-page","status-publish","hentry"],"yoast_head":"<!-- This site is optimized with the Yoast SEO plugin v27.2 - https:\/\/yoast.com\/product\/yoast-seo-wordpress\/ -->\n<title>\u00dcber uns - Mini-Lernkreis Fink-Gute<\/title>\n<meta name=\"robots\" content=\"index, follow, max-snippet:-1, max-image-preview:large, max-video-preview:-1\" \/>\n<link rel=\"canonical\" href=\"https:\/\/minilernkreis.de\/rhein-main\/ueber-uns\/\" \/>\n<meta property=\"og:locale\" content=\"de_DE\" \/>\n<meta property=\"og:type\" content=\"article\" \/>\n<meta property=\"og:title\" content=\"\u00dcber uns - Mini-Lernkreis Fink-Gute\" \/>\n<meta property=\"og:description\" content=\"Der Mini-Lernkreis in der Region Renate Fink-Gute Seit 1974 steht der Mini-Lernkreis \u2013 urspr\u00fcnglich als \u201eLehrinstitut Adam\u201c gegr\u00fcndet \u2013 f\u00fcr erfolgreiche Sch\u00fclerf\u00f6rderung in ganz Deutschland. Heute sind wir mit qualifizierten Lehrkr\u00e4ften auch in der Region Renate Fink-Gute vertreten und bieten individuelle Nachhilfe in Mini-Gruppen \u2013 f\u00fcr mehr Motivation, bessere Noten und Freude am Lernen. Sie [&hellip;]\" \/>\n<meta property=\"og:url\" content=\"https:\/\/minilernkreis.de\/rhein-main\/ueber-uns\/\" \/>\n<meta property=\"og:site_name\" content=\"Mini-Lernkreis Fink-Gute\" \/>\n<meta name=\"twitter:card\" content=\"summary_large_image\" \/>\n<meta name=\"twitter:label1\" content=\"Gesch\u00e4tzte Lesezeit\" \/>\n\t<meta name=\"twitter:data1\" content=\"1\u00a0Minute\" \/>\n<script type=\"application\/ld+json\" class=\"yoast-schema-graph\">{\"@context\":\"https:\/\/schema.org\",\"@graph\":[{\"@type\":\"WebPage\",\"@id\":\"https:\/\/minilernkreis.de\/rhein-main\/ueber-uns\/\",\"url\":\"https:\/\/minilernkreis.de\/rhein-main\/ueber-uns\/\",\"name\":\"\u00dcber uns - Mini-Lernkreis Fink-Gute\",\"isPartOf\":{\"@id\":\"https:\/\/minilernkreis.de\/rhein-main\/#website\"},\"primaryImageOfPage\":{\"@id\":\"https:\/\/minilernkreis.de\/rhein-main\/ueber-uns\/#primaryimage\"},\"image\":{\"@id\":\"https:\/\/minilernkreis.de\/rhein-main\/ueber-uns\/#primaryimage\"},\"thumbnailUrl\":\"https:\/\/minilernkreis.de\/gr-nol\/wp-content\/uploads\/sites\/3\/Bild_ET-1.jpg\",\"datePublished\":\"2026-02-22T08:57:02+00:00\",\"breadcrumb\":{\"@id\":\"https:\/\/minilernkreis.de\/rhein-main\/ueber-uns\/#breadcrumb\"},\"inLanguage\":\"de\",\"potentialAction\":[{\"@type\":\"ReadAction\",\"target\":[\"https:\/\/minilernkreis.de\/rhein-main\/ueber-uns\/\"]}]},{\"@type\":\"ImageObject\",\"inLanguage\":\"de\",\"@id\":\"https:\/\/minilernkreis.de\/rhein-main\/ueber-uns\/#primaryimage\",\"url\":\"https:\/\/minilernkreis.de\/gr-nol\/wp-content\/uploads\/sites\/3\/Bild_ET-1.jpg\",\"contentUrl\":\"https:\/\/minilernkreis.de\/gr-nol\/wp-content\/uploads\/sites\/3\/Bild_ET-1.jpg\"},{\"@type\":\"BreadcrumbList\",\"@id\":\"https:\/\/minilernkreis.de\/rhein-main\/ueber-uns\/#breadcrumb\",\"itemListElement\":[{\"@type\":\"ListItem\",\"position\":1,\"name\":\"Start\",\"item\":\"https:\/\/minilernkreis.de\/rhein-main\/\"},{\"@type\":\"ListItem\",\"position\":2,\"name\":\"\u00dcber uns\"}]},{\"@type\":\"WebSite\",\"@id\":\"https:\/\/minilernkreis.de\/rhein-main\/#website\",\"url\":\"https:\/\/minilernkreis.de\/rhein-main\/\",\"name\":\"Mini-Lernkreis Rhein-Main\",\"description\":\"Nachhilfe in der Rhein-Main Region\",\"publisher\":{\"@id\":\"https:\/\/minilernkreis.de\/rhein-main\/#organization\"},\"potentialAction\":[{\"@type\":\"SearchAction\",\"target\":{\"@type\":\"EntryPoint\",\"urlTemplate\":\"https:\/\/minilernkreis.de\/rhein-main\/?s={search_term_string}\"},\"query-input\":{\"@type\":\"PropertyValueSpecification\",\"valueRequired\":true,\"valueName\":\"search_term_string\"}}],\"inLanguage\":\"de\"},{\"@type\":\"Organization\",\"@id\":\"https:\/\/minilernkreis.de\/rhein-main\/#organization\",\"name\":\"Mini-Lernkreis Fink-Gute\",\"url\":\"https:\/\/minilernkreis.de\/rhein-main\/\",\"logo\":{\"@type\":\"ImageObject\",\"inLanguage\":\"de\",\"@id\":\"https:\/\/minilernkreis.de\/rhein-main\/#\/schema\/logo\/image\/\",\"url\":\"https:\/\/minilernkreis.de\/rhein-main\/wp-content\/uploads\/sites\/30\/logo_minilernkreis.svg\",\"contentUrl\":\"https:\/\/minilernkreis.de\/rhein-main\/wp-content\/uploads\/sites\/30\/logo_minilernkreis.svg\",\"width\":\"1024\",\"height\":\"1024\",\"caption\":\"Mini-Lernkreis Fink-Gute\"},\"image\":{\"@id\":\"https:\/\/minilernkreis.de\/rhein-main\/#\/schema\/logo\/image\/\"}}]}<\/script>\n<!-- \/ Yoast SEO plugin. -->","yoast_head_json":{"title":"\u00dcber uns - Mini-Lernkreis Fink-Gute","robots":{"index":"index","follow":"follow","max-snippet":"max-snippet:-1","max-image-preview":"max-image-preview:large","max-video-preview":"max-video-preview:-1"},"canonical":"https:\/\/minilernkreis.de\/rhein-main\/ueber-uns\/","og_locale":"de_DE","og_type":"article","og_title":"\u00dcber uns - Mini-Lernkreis Fink-Gute","og_description":"Der Mini-Lernkreis in der Region Renate Fink-Gute Seit 1974 steht der Mini-Lernkreis \u2013 urspr\u00fcnglich als \u201eLehrinstitut Adam\u201c gegr\u00fcndet \u2013 f\u00fcr erfolgreiche Sch\u00fclerf\u00f6rderung in ganz Deutschland. Heute sind wir mit qualifizierten Lehrkr\u00e4ften auch in der Region Renate Fink-Gute vertreten und bieten individuelle Nachhilfe in Mini-Gruppen \u2013 f\u00fcr mehr Motivation, bessere Noten und Freude am Lernen. Sie [&hellip;]","og_url":"https:\/\/minilernkreis.de\/rhein-main\/ueber-uns\/","og_site_name":"Mini-Lernkreis Fink-Gute","twitter_card":"summary_large_image","twitter_misc":{"Gesch\u00e4tzte Lesezeit":"1\u00a0Minute"},"schema":{"@context":"https:\/\/schema.org","@graph":[{"@type":"WebPage","@id":"https:\/\/minilernkreis.de\/rhein-main\/ueber-uns\/","url":"https:\/\/minilernkreis.de\/rhein-main\/ueber-uns\/","name":"\u00dcber uns - Mini-Lernkreis Fink-Gute","isPartOf":{"@id":"https:\/\/minilernkreis.de\/rhein-main\/#website"},"primaryImageOfPage":{"@id":"https:\/\/minilernkreis.de\/rhein-main\/ueber-uns\/#primaryimage"},"image":{"@id":"https:\/\/minilernkreis.de\/rhein-main\/ueber-uns\/#primaryimage"},"thumbnailUrl":"https:\/\/minilernkreis.de\/gr-nol\/wp-content\/uploads\/sites\/3\/Bild_ET-1.jpg","datePublished":"2026-02-22T08:57:02+00:00","breadcrumb":{"@id":"https:\/\/minilernkreis.de\/rhein-main\/ueber-uns\/#breadcrumb"},"inLanguage":"de","potentialAction":[{"@type":"ReadAction","target":["https:\/\/minilernkreis.de\/rhein-main\/ueber-uns\/"]}]},{"@type":"ImageObject","inLanguage":"de","@id":"https:\/\/minilernkreis.de\/rhein-main\/ueber-uns\/#primaryimage","url":"https:\/\/minilernkreis.de\/gr-nol\/wp-content\/uploads\/sites\/3\/Bild_ET-1.jpg","contentUrl":"https:\/\/minilernkreis.de\/gr-nol\/wp-content\/uploads\/sites\/3\/Bild_ET-1.jpg"},{"@type":"BreadcrumbList","@id":"https:\/\/minilernkreis.de\/rhein-main\/ueber-uns\/#breadcrumb","itemListElement":[{"@type":"ListItem","position":1,"name":"Start","item":"https:\/\/minilernkreis.de\/rhein-main\/"},{"@type":"ListItem","position":2,"name":"\u00dcber uns"}]},{"@type":"WebSite","@id":"https:\/\/minilernkreis.de\/rhein-main\/#website","url":"https:\/\/minilernkreis.de\/rhein-main\/","name":"Mini-Lernkreis Rhein-Main","description":"Nachhilfe in der Rhein-Main Region","publisher":{"@id":"https:\/\/minilernkreis.de\/rhein-main\/#organization"},"potentialAction":[{"@type":"SearchAction","target":{"@type":"EntryPoint","urlTemplate":"https:\/\/minilernkreis.de\/rhein-main\/?s={search_term_string}"},"query-input":{"@type":"PropertyValueSpecification","valueRequired":true,"valueName":"search_term_string"}}],"inLanguage":"de"},{"@type":"Organization","@id":"https:\/\/minilernkreis.de\/rhein-main\/#organization","name":"Mini-Lernkreis Fink-Gute","url":"https:\/\/minilernkreis.de\/rhein-main\/","logo":{"@type":"ImageObject","inLanguage":"de","@id":"https:\/\/minilernkreis.de\/rhein-main\/#\/schema\/logo\/image\/","url":"https:\/\/minilernkreis.de\/rhein-main\/wp-content\/uploads\/sites\/30\/logo_minilernkreis.svg","contentUrl":"https:\/\/minilernkreis.de\/rhein-main\/wp-content\/uploads\/sites\/30\/logo_minilernkreis.svg","width":"1024","height":"1024","caption":"Mini-Lernkreis Fink-Gute"},"image":{"@id":"https:\/\/minilernkreis.de\/rhein-main\/#\/schema\/logo\/image\/"}}]}},"_links":{"self":[{"href":"https:\/\/minilernkreis.de\/rhein-main\/wp-json\/wp\/v2\/pages\/4","targetHints":{"allow":["GET"]}}],"collection":[{"href":"https:\/\/minilernkreis.de\/rhein-main\/wp-json\/wp\/v2\/pages"}],"about":[{"href":"https:\/\/minilernkreis.de\/rhein-main\/wp-json\/wp\/v2\/types\/page"}],"author":[{"embeddable":true,"href":"https:\/\/minilernkreis.de\/rhein-main\/wp-json\/wp\/v2\/users\/5"}],"replies":[{"embeddable":true,"href":"https:\/\/minilernkreis.de\/rhein-main\/wp-json\/wp\/v2\/comments?post=4"}],"version-history":[{"count":0,"href":"https:\/\/minilernkreis.de\/rhein-main\/wp-json\/wp\/v2\/pages\/4\/revisions"}],"wp:attachment":[{"href":"https:\/\/minilernkreis.de\/rhein-main\/wp-json\/wp\/v2\/media?parent=4"}],"curies":[{"name":"wp","href":"https:\/\/api.w.org\/{rel}","templated":true}]}}