{"id":4,"date":"2026-02-17T12:23:58","date_gmt":"2026-02-17T11:23:58","guid":{"rendered":"https:\/\/dev.minilernkreis.de\/mittelthueringen-burgenlandkreis\/ueber-uns\/"},"modified":"2026-02-24T22:18:16","modified_gmt":"2026-02-24T21:18:16","slug":"ueber-uns","status":"publish","type":"page","link":"https:\/\/minilernkreis.de\/mittelthueringen-burgenlandkreis\/ueber-uns\/","title":{"rendered":"\u00dcber uns"},"content":{"rendered":"\n<div class=\"wp-block-group has-base-background-color has-background is-layout-flow wp-block-group-is-layout-flow\" style=\"padding-top:0;padding-bottom:0\">\n<div class=\"wp-block-group px-4 py-5 has-light-background-color has-background is-layout-constrained wp-container-core-group-is-layout-18f2974a wp-block-group-is-layout-constrained\" style=\"margin-top:0;margin-bottom:0;padding-top:var(--wp--preset--spacing--80);padding-bottom:var(--wp--preset--spacing--80)\">\n<h1 class=\"wp-block-heading has-primary-color has-text-color has-raleway-font-family\"><strong>Der Mini-Lernkreis in der Region Mittelth\u00fcringen und Burgenlandkreis<\/strong><\/h1>\n\n\n\n<div style=\"height:20px\" aria-hidden=\"true\" class=\"wp-block-spacer\"><\/div>\n\n\n\n<div class=\"wp-block-columns is-layout-flex wp-container-core-columns-is-layout-cf05694f wp-block-columns-is-layout-flex\">\n<div class=\"wp-block-column is-layout-flow wp-block-column-is-layout-flow\">\n<p>Seit \u00fcber 50 Jahren steht der Mini-Lernkreis f\u00fcr erfolgreiche Sch\u00fclerf\u00f6rderung in Deutschland. Mit mehr als 1.000 Standorten und \u00fcber 4.000 qualifizierten Lehrkr\u00e4ften vertrauen \u00fcber 10.000 Familien auf die professionelle Nachhilfe. Der Mini-Lernkreis unterscheidet sich durch besondere Flexibilit\u00e4t von anderen Anbietern: Der Unterricht findet wahlweise zu Hause, an einem Standort oder online statt. Alle Lehrkr\u00e4fte verf\u00fcgen \u00fcber ein polizeiliches F\u00fchrungszeugnis und werden kontinuierlich durch die eigene MLK-Akademie fortgebildet. Mit 92,3% Notenverbesserung und mehrfachen Auszeichnungen als \u201eKundenliebling\u201c \u00fcberzeugt der Mini-Lernkreis durch nachweisbare Erfolge. Neben Einzelunterricht und Gruppenunterricht bietet das Unternehmen auch Tandem-Unterricht an, bei dem zwei Sch\u00fcler gemeinsam lernen \u2013 intensiver als in Gruppen und kosteng\u00fcnstiger als Einzelunterricht.<\/p>\n<\/div>\n\n\n\n<div class=\"wp-block-column is-layout-flow wp-block-column-is-layout-flow\">\n<figure class=\"wp-block-image aligncenter size-full has-custom-border\"><img decoding=\"async\" src=\"https:\/\/minilernkreis.de\/mittelthueringen-burgenlandkreis\/wp-content\/uploads\/sites\/18\/Coat_of_arms_of_Thuringia.svg.png\" alt=\"\" class=\"wp-image-100\" style=\"border-top-left-radius:20px;border-top-right-radius:20px;border-bottom-left-radius:20px;border-bottom-right-radius:20px\" title=\"Portrait Mini-Lernkreis-Leitung Fanny Schmieder - Fanny Schmieder\" \/><figcaption class=\"wp-element-caption\">Mini-Lernkreis-Leitung<br>Fanny Schmieder<\/figcaption><\/figure>\n<\/div>\n<\/div>\n<\/div>\n<\/div>\n\n\n\n<div class=\"wp-block-group is-layout-constrained wp-block-group-is-layout-constrained\">\n<div class=\"wp-block-group is-layout-constrained wp-container-core-group-is-layout-4383d167 wp-block-group-is-layout-constrained\">\n<div class=\"wp-block-group is-nowrap is-layout-flex wp-container-core-group-is-layout-f1189ed3 wp-block-group-is-layout-flex\">\n<p class=\"has-text-color has-link-color wp-elements-5e18f99aa18e2c3d1c687f134e68d70e\" style=\"font-size:0.8em;font-style:normal;font-weight:600\">Sie sind\n\t\t\t\thier: <\/p>\n\n\n<div class=\"yoast-breadcrumbs\"><span><span><a href=\"https:\/\/minilernkreis.de\/mittelthueringen-burgenlandkreis\/\">Start<\/a><\/span> \u00bb <span class=\"breadcrumb_last\" aria-current=\"page\">\u00dcber uns<\/span><\/span><\/div><\/div>\n<\/div>\n<\/div>\n\n\n\n<div class=\"wp-block-group mt-5 is-layout-constrained wp-block-group-is-layout-constrained\">\n<div class=\"wp-block-group is-layout-constrained wp-container-core-group-is-layout-4383d167 wp-block-group-is-layout-constrained\">\n<h2 class=\"wp-block-heading has-text-align-center has-primary-color has-text-color\"><strong>Unser Konzept:\n\t\t\t<\/strong><br><strong>Lernen in pers\u00f6nlicher Atmosph\u00e4re<\/strong><\/h2>\n\n\n\n<p class=\"has-text-align-center\">In unseren <strong>kleinen Lerngruppen<\/strong> f\u00f6rdern wir nicht nur Wissen,\n\t\t\tsondern auch <strong>Selbstvertrauen, Ausdauer und Konzentration<\/strong>. Unser Ziel ist es,\n\t\t\t<strong>Schulangst und Notendruck abzubauen<\/strong> und den Spa\u00df am Lernen zur\u00fcckzubringen. Durch gezielte\n\t\t\tUnterst\u00fctzung helfen wir Sch\u00fclern, <strong>eigenst\u00e4ndiger zu arbeiten<\/strong> und ihre schulischen\n\t\t\tHerausforderungen zu meistern.<\/p>\n<\/div>\n<\/div>\n\n\n\n<div class=\"wp-block-group is-layout-constrained wp-block-group-is-layout-constrained\">\n<div class=\"wp-block-group is-layout-constrained wp-container-core-group-is-layout-a22d48ea wp-block-group-is-layout-constrained\" style=\"margin-top:var(--wp--preset--spacing--80);margin-bottom:var(--wp--preset--spacing--80)\">\n<h2 class=\"wp-block-heading has-text-align-center has-primary-color has-text-color\"><strong>Unser Angebot:\n\t\t\t<\/strong><br><strong>Vielf\u00e4ltige F\u00e4cher &amp; F\u00f6rderungen<\/strong><\/h2>\n\n\n\n<div style=\"height:10px\" aria-hidden=\"true\" class=\"wp-block-spacer\"><\/div>\n\n\n\n<p class=\"has-text-align-center\" style=\"margin-bottom:var(--wp--preset--spacing--20)\">Wir bieten\n\t\t\t<strong>individuelle Lehrg\u00e4nge<\/strong> in folgenden Bereichen:<\/p>\n\n\n\n<div style=\"height:10px\" aria-hidden=\"true\" class=\"wp-block-spacer\"><\/div>\n\n\n\n<p class=\"has-text-align-center\" style=\"margin-bottom:0\">Deutsch (Rechtschreibung, Grammatik, Aufsatz)<\/p>\n\n\n\n<p class=\"has-text-align-center\">Mathematik (Grundrechenarten, Textaufgaben, Geometrie, Algebra)<\/p>\n\n\n\n<p class=\"has-text-align-center\">Englisch (Vokabular, Grammatik, Listening Comprehension)<\/p>\n\n\n\n<p class=\"has-text-align-center\">Latein (Vokabular, Formen- und Satzlehre)<\/p>\n\n\n\n<p class=\"has-text-align-center\">Polnisch (Vokabular, Formen- und Satzlehre)<\/p>\n\n\n\n<p class=\"has-text-align-center\">Franz\u00f6sisch (Vokabular, Grammatik, Konversation)<\/p>\n\n\n\n<p class=\"has-text-align-center\">Pr\u00fcfungsvorbereitung<\/p>\n\n\n\n<p class=\"has-text-align-center\">F\u00f6rderunterricht bei Lese-Rechtschreibschw\u00e4che<\/p>\n\n\n\n<p class=\"has-text-align-center\">weitere Kurse und F\u00e4cher<\/p>\n<\/div>\n<\/div>\n\n\n\n<div class=\"wp-block-group is-layout-constrained wp-block-group-is-layout-constrained\">\n<div class=\"wp-block-group has-light-background-color has-background is-layout-constrained wp-container-core-group-is-layout-ad319cd6 wp-block-group-is-layout-constrained\" style=\"padding-top:var(--wp--preset--spacing--80);padding-bottom:var(--wp--preset--spacing--80)\">\n<h2 class=\"wp-block-heading has-primary-color has-text-color\"><strong>Individuelle F\u00f6rderung f\u00fcr jeden\n\t\t\t\tSch\u00fcler<\/strong><\/h2>\n\n\n\n<p style=\"margin-bottom:var(--wp--preset--spacing--20)\">Um die <strong>bestm\u00f6gliche Unterst\u00fctzung<\/strong> zu\n\t\t\tbieten, f\u00fchren unsere Lehrkr\u00e4fte zu Beginn eines jeden Lehrgangs einen <strong>informellen\n\t\t\t\tLernstandtest<\/strong> durch. Ein Lehrgang dauert mindestens <strong>sechs Monate<\/strong> (je eine\n\t\t\tDoppelstunde pro Woche) und basiert auf <strong>spezialisierten Lehrmaterialien<\/strong> sowie den\n\t\t\tSchulb\u00fcchern der Teilnehmer.<\/p>\n\n\n\n<div style=\"height:25px\" aria-hidden=\"true\" class=\"wp-block-spacer\"><\/div>\n\n\n\n<h2 class=\"wp-block-heading has-primary-color has-text-color\"><strong>Mini-Lernkreis in Ihrer N\u00e4he<\/strong><\/h2>\n\n\n\n<p style=\"margin-bottom:var(--wp--preset--spacing--20)\">Sie suchen <strong>Nachhilfe in Mittelth\u00fcringen und Burgenlandkreis<\/strong>? Bei uns finden Sie <strong>kleine Lerngruppen in Ihrer Region<\/strong> \u2013 f\u00fcr eine <strong>pers\u00f6nliche und effektive F\u00f6rderung<\/strong>.<\/p>\n\n\n\n<p><\/p>\n<\/div>\n<\/div>\n","protected":false},"excerpt":{"rendered":"<p>Der Mini-Lernkreis in der Region Mittelth\u00fcringen und Burgenlandkreis Seit \u00fcber 50 Jahren steht der Mini-Lernkreis f\u00fcr erfolgreiche Sch\u00fclerf\u00f6rderung in Deutschland. Mit mehr als 1.000 Standorten und \u00fcber 4.000 qualifizierten Lehrkr\u00e4ften vertrauen \u00fcber 10.000 Familien auf die professionelle Nachhilfe. Der Mini-Lernkreis unterscheidet sich durch besondere Flexibilit\u00e4t von anderen Anbietern: Der Unterricht findet wahlweise zu Hause, an [&hellip;]<\/p>\n","protected":false},"author":5,"featured_media":0,"parent":0,"menu_order":0,"comment_status":"closed","ping_status":"closed","template":"page-partner","meta":{"inline_featured_image":false,"mlk_zustaendigkeit":"","mlk_adresse":"","mlk_email":"","mlk_telefon":"","footnotes":""},"class_list":["post-4","page","type-page","status-publish","hentry"],"yoast_head":"<!-- This site is optimized with the Yoast SEO plugin v27.2 - https:\/\/yoast.com\/product\/yoast-seo-wordpress\/ -->\n<title>\u00dcber uns - Mini-Lernkreis Schmieder<\/title>\n<meta name=\"robots\" content=\"index, follow, max-snippet:-1, max-image-preview:large, max-video-preview:-1\" \/>\n<link rel=\"canonical\" href=\"https:\/\/minilernkreis.de\/mittelthueringen-burgenlandkreis\/ueber-uns\/\" \/>\n<meta property=\"og:locale\" content=\"de_DE\" \/>\n<meta property=\"og:type\" content=\"article\" \/>\n<meta property=\"og:title\" content=\"\u00dcber uns - Mini-Lernkreis Schmieder\" \/>\n<meta property=\"og:description\" content=\"Der Mini-Lernkreis in der Region Mittelth\u00fcringen und Burgenlandkreis Seit \u00fcber 50 Jahren steht der Mini-Lernkreis f\u00fcr erfolgreiche Sch\u00fclerf\u00f6rderung in Deutschland. Mit mehr als 1.000 Standorten und \u00fcber 4.000 qualifizierten Lehrkr\u00e4ften vertrauen \u00fcber 10.000 Familien auf die professionelle Nachhilfe. Der Mini-Lernkreis unterscheidet sich durch besondere Flexibilit\u00e4t von anderen Anbietern: Der Unterricht findet wahlweise zu Hause, an [&hellip;]\" \/>\n<meta property=\"og:url\" content=\"https:\/\/minilernkreis.de\/mittelthueringen-burgenlandkreis\/ueber-uns\/\" \/>\n<meta property=\"og:site_name\" content=\"Mini-Lernkreis Schmieder\" \/>\n<meta property=\"article:modified_time\" content=\"2026-02-24T21:18:16+00:00\" \/>\n<meta name=\"twitter:card\" content=\"summary_large_image\" \/>\n<meta name=\"twitter:label1\" content=\"Gesch\u00e4tzte Lesezeit\" \/>\n\t<meta name=\"twitter:data1\" content=\"2\u00a0Minuten\" \/>\n<script type=\"application\/ld+json\" class=\"yoast-schema-graph\">{\"@context\":\"https:\/\/schema.org\",\"@graph\":[{\"@type\":\"WebPage\",\"@id\":\"https:\/\/minilernkreis.de\/mittelthueringen-burgenlandkreis\/ueber-uns\/\",\"url\":\"https:\/\/minilernkreis.de\/mittelthueringen-burgenlandkreis\/ueber-uns\/\",\"name\":\"\u00dcber uns - Mini-Lernkreis Schmieder\",\"isPartOf\":{\"@id\":\"https:\/\/minilernkreis.de\/mittelthueringen-burgenlandkreis\/#website\"},\"primaryImageOfPage\":{\"@id\":\"https:\/\/minilernkreis.de\/mittelthueringen-burgenlandkreis\/ueber-uns\/#primaryimage\"},\"image\":{\"@id\":\"https:\/\/minilernkreis.de\/mittelthueringen-burgenlandkreis\/ueber-uns\/#primaryimage\"},\"thumbnailUrl\":\"https:\/\/minilernkreis.de\/mittelthueringen-burgenlandkreis\/wp-content\/uploads\/sites\/18\/Coat_of_arms_of_Thuringia.svg.png\",\"datePublished\":\"2026-02-17T11:23:58+00:00\",\"dateModified\":\"2026-02-24T21:18:16+00:00\",\"breadcrumb\":{\"@id\":\"https:\/\/minilernkreis.de\/mittelthueringen-burgenlandkreis\/ueber-uns\/#breadcrumb\"},\"inLanguage\":\"de\",\"potentialAction\":[{\"@type\":\"ReadAction\",\"target\":[\"https:\/\/minilernkreis.de\/mittelthueringen-burgenlandkreis\/ueber-uns\/\"]}]},{\"@type\":\"ImageObject\",\"inLanguage\":\"de\",\"@id\":\"https:\/\/minilernkreis.de\/mittelthueringen-burgenlandkreis\/ueber-uns\/#primaryimage\",\"url\":\"\",\"contentUrl\":\"\"},{\"@type\":\"BreadcrumbList\",\"@id\":\"https:\/\/minilernkreis.de\/mittelthueringen-burgenlandkreis\/ueber-uns\/#breadcrumb\",\"itemListElement\":[{\"@type\":\"ListItem\",\"position\":1,\"name\":\"Start\",\"item\":\"https:\/\/minilernkreis.de\/mittelthueringen-burgenlandkreis\/\"},{\"@type\":\"ListItem\",\"position\":2,\"name\":\"\u00dcber uns\"}]},{\"@type\":\"WebSite\",\"@id\":\"https:\/\/minilernkreis.de\/mittelthueringen-burgenlandkreis\/#website\",\"url\":\"https:\/\/minilernkreis.de\/mittelthueringen-burgenlandkreis\/\",\"name\":\"Mini-Lernkreis Mittelth\u00fcringen-Burgenlandkreis\",\"description\":\"Nachhilfe in Mittelth\u00fcringen- Burgenlandkreis\",\"publisher\":{\"@id\":\"https:\/\/minilernkreis.de\/mittelthueringen-burgenlandkreis\/#organization\"},\"potentialAction\":[{\"@type\":\"SearchAction\",\"target\":{\"@type\":\"EntryPoint\",\"urlTemplate\":\"https:\/\/minilernkreis.de\/mittelthueringen-burgenlandkreis\/?s={search_term_string}\"},\"query-input\":{\"@type\":\"PropertyValueSpecification\",\"valueRequired\":true,\"valueName\":\"search_term_string\"}}],\"inLanguage\":\"de\"},{\"@type\":\"Organization\",\"@id\":\"https:\/\/minilernkreis.de\/mittelthueringen-burgenlandkreis\/#organization\",\"name\":\"Mini-Lernkreis GmbH\",\"url\":\"https:\/\/minilernkreis.de\/mittelthueringen-burgenlandkreis\/\",\"logo\":{\"@type\":\"ImageObject\",\"inLanguage\":\"de\",\"@id\":\"https:\/\/minilernkreis.de\/mittelthueringen-burgenlandkreis\/#\/schema\/logo\/image\/\",\"url\":\"https:\/\/minilernkreis.de\/mittelthueringen-burgenlandkreis\/wp-content\/uploads\/sites\/18\/logo_minilernkreis.svg\",\"contentUrl\":\"https:\/\/minilernkreis.de\/mittelthueringen-burgenlandkreis\/wp-content\/uploads\/sites\/18\/logo_minilernkreis.svg\",\"width\":\"1024\",\"height\":\"1024\",\"caption\":\"Mini-Lernkreis GmbH\"},\"image\":{\"@id\":\"https:\/\/minilernkreis.de\/mittelthueringen-burgenlandkreis\/#\/schema\/logo\/image\/\"}}]}<\/script>\n<!-- \/ Yoast SEO plugin. -->","yoast_head_json":{"title":"\u00dcber uns - Mini-Lernkreis Schmieder","robots":{"index":"index","follow":"follow","max-snippet":"max-snippet:-1","max-image-preview":"max-image-preview:large","max-video-preview":"max-video-preview:-1"},"canonical":"https:\/\/minilernkreis.de\/mittelthueringen-burgenlandkreis\/ueber-uns\/","og_locale":"de_DE","og_type":"article","og_title":"\u00dcber uns - Mini-Lernkreis Schmieder","og_description":"Der Mini-Lernkreis in der Region Mittelth\u00fcringen und Burgenlandkreis Seit \u00fcber 50 Jahren steht der Mini-Lernkreis f\u00fcr erfolgreiche Sch\u00fclerf\u00f6rderung in Deutschland. Mit mehr als 1.000 Standorten und \u00fcber 4.000 qualifizierten Lehrkr\u00e4ften vertrauen \u00fcber 10.000 Familien auf die professionelle Nachhilfe. Der Mini-Lernkreis unterscheidet sich durch besondere Flexibilit\u00e4t von anderen Anbietern: Der Unterricht findet wahlweise zu Hause, an [&hellip;]","og_url":"https:\/\/minilernkreis.de\/mittelthueringen-burgenlandkreis\/ueber-uns\/","og_site_name":"Mini-Lernkreis Schmieder","article_modified_time":"2026-02-24T21:18:16+00:00","twitter_card":"summary_large_image","twitter_misc":{"Gesch\u00e4tzte Lesezeit":"2\u00a0Minuten"},"schema":{"@context":"https:\/\/schema.org","@graph":[{"@type":"WebPage","@id":"https:\/\/minilernkreis.de\/mittelthueringen-burgenlandkreis\/ueber-uns\/","url":"https:\/\/minilernkreis.de\/mittelthueringen-burgenlandkreis\/ueber-uns\/","name":"\u00dcber uns - Mini-Lernkreis Schmieder","isPartOf":{"@id":"https:\/\/minilernkreis.de\/mittelthueringen-burgenlandkreis\/#website"},"primaryImageOfPage":{"@id":"https:\/\/minilernkreis.de\/mittelthueringen-burgenlandkreis\/ueber-uns\/#primaryimage"},"image":{"@id":"https:\/\/minilernkreis.de\/mittelthueringen-burgenlandkreis\/ueber-uns\/#primaryimage"},"thumbnailUrl":"https:\/\/minilernkreis.de\/mittelthueringen-burgenlandkreis\/wp-content\/uploads\/sites\/18\/Coat_of_arms_of_Thuringia.svg.png","datePublished":"2026-02-17T11:23:58+00:00","dateModified":"2026-02-24T21:18:16+00:00","breadcrumb":{"@id":"https:\/\/minilernkreis.de\/mittelthueringen-burgenlandkreis\/ueber-uns\/#breadcrumb"},"inLanguage":"de","potentialAction":[{"@type":"ReadAction","target":["https:\/\/minilernkreis.de\/mittelthueringen-burgenlandkreis\/ueber-uns\/"]}]},{"@type":"ImageObject","inLanguage":"de","@id":"https:\/\/minilernkreis.de\/mittelthueringen-burgenlandkreis\/ueber-uns\/#primaryimage","url":"","contentUrl":""},{"@type":"BreadcrumbList","@id":"https:\/\/minilernkreis.de\/mittelthueringen-burgenlandkreis\/ueber-uns\/#breadcrumb","itemListElement":[{"@type":"ListItem","position":1,"name":"Start","item":"https:\/\/minilernkreis.de\/mittelthueringen-burgenlandkreis\/"},{"@type":"ListItem","position":2,"name":"\u00dcber uns"}]},{"@type":"WebSite","@id":"https:\/\/minilernkreis.de\/mittelthueringen-burgenlandkreis\/#website","url":"https:\/\/minilernkreis.de\/mittelthueringen-burgenlandkreis\/","name":"Mini-Lernkreis Mittelth\u00fcringen-Burgenlandkreis","description":"Nachhilfe in Mittelth\u00fcringen- Burgenlandkreis","publisher":{"@id":"https:\/\/minilernkreis.de\/mittelthueringen-burgenlandkreis\/#organization"},"potentialAction":[{"@type":"SearchAction","target":{"@type":"EntryPoint","urlTemplate":"https:\/\/minilernkreis.de\/mittelthueringen-burgenlandkreis\/?s={search_term_string}"},"query-input":{"@type":"PropertyValueSpecification","valueRequired":true,"valueName":"search_term_string"}}],"inLanguage":"de"},{"@type":"Organization","@id":"https:\/\/minilernkreis.de\/mittelthueringen-burgenlandkreis\/#organization","name":"Mini-Lernkreis GmbH","url":"https:\/\/minilernkreis.de\/mittelthueringen-burgenlandkreis\/","logo":{"@type":"ImageObject","inLanguage":"de","@id":"https:\/\/minilernkreis.de\/mittelthueringen-burgenlandkreis\/#\/schema\/logo\/image\/","url":"https:\/\/minilernkreis.de\/mittelthueringen-burgenlandkreis\/wp-content\/uploads\/sites\/18\/logo_minilernkreis.svg","contentUrl":"https:\/\/minilernkreis.de\/mittelthueringen-burgenlandkreis\/wp-content\/uploads\/sites\/18\/logo_minilernkreis.svg","width":"1024","height":"1024","caption":"Mini-Lernkreis GmbH"},"image":{"@id":"https:\/\/minilernkreis.de\/mittelthueringen-burgenlandkreis\/#\/schema\/logo\/image\/"}}]}},"_links":{"self":[{"href":"https:\/\/minilernkreis.de\/mittelthueringen-burgenlandkreis\/wp-json\/wp\/v2\/pages\/4","targetHints":{"allow":["GET"]}}],"collection":[{"href":"https:\/\/minilernkreis.de\/mittelthueringen-burgenlandkreis\/wp-json\/wp\/v2\/pages"}],"about":[{"href":"https:\/\/minilernkreis.de\/mittelthueringen-burgenlandkreis\/wp-json\/wp\/v2\/types\/page"}],"author":[{"embeddable":true,"href":"https:\/\/minilernkreis.de\/mittelthueringen-burgenlandkreis\/wp-json\/wp\/v2\/users\/5"}],"replies":[{"embeddable":true,"href":"https:\/\/minilernkreis.de\/mittelthueringen-burgenlandkreis\/wp-json\/wp\/v2\/comments?post=4"}],"version-history":[{"count":2,"href":"https:\/\/minilernkreis.de\/mittelthueringen-burgenlandkreis\/wp-json\/wp\/v2\/pages\/4\/revisions"}],"predecessor-version":[{"id":252,"href":"https:\/\/minilernkreis.de\/mittelthueringen-burgenlandkreis\/wp-json\/wp\/v2\/pages\/4\/revisions\/252"}],"wp:attachment":[{"href":"https:\/\/minilernkreis.de\/mittelthueringen-burgenlandkreis\/wp-json\/wp\/v2\/media?parent=4"}],"curies":[{"name":"wp","href":"https:\/\/api.w.org\/{rel}","templated":true}]}}