{"id":4,"date":"2026-02-06T15:45:59","date_gmt":"2026-02-06T14:45:59","guid":{"rendered":"https:\/\/dev.minilernkreis.de\/hessen-hochtaunus\/ueber-uns\/"},"modified":"2026-03-24T13:26:02","modified_gmt":"2026-03-24T12:26:02","slug":"ueber-uns","status":"publish","type":"page","link":"https:\/\/minilernkreis.de\/limburg-weilburg\/ueber-uns\/","title":{"rendered":"\u00dcber uns"},"content":{"rendered":"\n<div class=\"wp-block-group has-base-background-color has-background is-layout-flow wp-block-group-is-layout-flow\" style=\"padding-top:0;padding-bottom:0\">\n<div class=\"wp-block-group px-4 py-5 has-light-background-color has-background is-layout-constrained wp-container-core-group-is-layout-18f2974a wp-block-group-is-layout-constrained\" style=\"margin-top:0;margin-bottom:0;padding-top:var(--wp--preset--spacing--80);padding-bottom:var(--wp--preset--spacing--80)\">\n<h1 class=\"wp-block-heading has-primary-color has-text-color has-raleway-font-family\"><strong>Der Mini-Lernkreis in der Region Limburg-Weilburg<\/strong><\/h1>\n\n\n\n<div style=\"height:20px\" aria-hidden=\"true\" class=\"wp-block-spacer\"><\/div>\n\n\n\n<div class=\"wp-block-columns is-layout-flex wp-container-core-columns-is-layout-cf05694f wp-block-columns-is-layout-flex\">\n<div class=\"wp-block-column is-layout-flow wp-block-column-is-layout-flow\">\n<p>Seit \u00fcber 50 Jahren steht der <strong>Mini-Lernkreis<\/strong> f\u00fcr <strong>erfolgreiche Sch\u00fclerf\u00f6rderung<\/strong> in ganz Deutschland. <br>Mit <strong>qualifizierten Lehrkr\u00e4ften<\/strong> sind wir auch in der <strong>Region Limburg-Weilburg<\/strong> vertreten und bieten <strong>individuelle Nachhilfe <\/strong>prim\u00e4r im <strong>Einzelunterricht<\/strong> aber auch in <strong>Mini-Gruppen<\/strong> an. <br>Mit professioneller Unterst\u00fctzung und mehr Motivation zu besseren Noten und Freude am Lernen.<\/p>\n<\/div>\n\n\n\n<div class=\"wp-block-column is-layout-flow wp-block-column-is-layout-flow\">\n<figure class=\"wp-block-image aligncenter size-full has-custom-border\"><img loading=\"lazy\" decoding=\"async\" width=\"250\" height=\"370\" src=\"https:\/\/minilernkreis.de\/limburg-weilburg\/wp-content\/uploads\/sites\/9\/Bernhard.png\" alt=\"\" class=\"wp-image-113\" style=\"border-top-left-radius:20px;border-top-right-radius:20px;border-bottom-left-radius:20px;border-bottom-right-radius:20px\" title=\"Portrait Mini-Lernkreis-Leitung Bernhard Dei\u00df - Bernhard Dei\u00df\" srcset=\"https:\/\/minilernkreis.de\/limburg-weilburg\/wp-content\/uploads\/sites\/9\/Bernhard.png 250w, https:\/\/minilernkreis.de\/limburg-weilburg\/wp-content\/uploads\/sites\/9\/Bernhard-203x300.png 203w\" sizes=\"auto, (max-width: 250px) 100vw, 250px\" \/><figcaption class=\"wp-element-caption\">Mini-Lernkreis-Leitung<br>Bernhard Dei\u00df<\/figcaption><\/figure>\n<\/div>\n<\/div>\n<\/div>\n<\/div>\n\n\n\n<div class=\"wp-block-group is-layout-constrained wp-block-group-is-layout-constrained\">\n<div class=\"wp-block-group is-layout-constrained wp-container-core-group-is-layout-4383d167 wp-block-group-is-layout-constrained\">\n<div class=\"wp-block-group is-nowrap is-layout-flex wp-container-core-group-is-layout-f1189ed3 wp-block-group-is-layout-flex\">\n<p class=\"has-text-color has-link-color wp-elements-5e18f99aa18e2c3d1c687f134e68d70e\" style=\"font-size:0.8em;font-style:normal;font-weight:600\">Sie sind\n\t\t\t\thier: <\/p>\n\n\n<div class=\"yoast-breadcrumbs\"><span><span><a href=\"https:\/\/minilernkreis.de\/limburg-weilburg\/\">Start<\/a><\/span> \u00bb <span class=\"breadcrumb_last\" aria-current=\"page\">\u00dcber uns<\/span><\/span><\/div><\/div>\n<\/div>\n<\/div>\n\n\n\n<div class=\"wp-block-group mt-5 is-layout-constrained wp-block-group-is-layout-constrained\">\n<div class=\"wp-block-group is-layout-constrained wp-container-core-group-is-layout-4383d167 wp-block-group-is-layout-constrained\">\n<h2 class=\"wp-block-heading has-text-align-center has-primary-color has-text-color\"><strong>Unser Konzept:\n\t\t\t<\/strong><br><strong>Lernen in pers\u00f6nlicher Atmosph\u00e4re<\/strong><\/h2>\n\n\n\n<p class=\"has-text-align-center\">In unserem Unterricht f\u00f6rdern wir nicht nur <strong>Wissen<\/strong>, sondern auch <strong>Selbstvertrauen, Ausdauer und Konzentration<\/strong>. Unser Ziel ist es, schulische <strong>Leistungen <\/strong>zu <strong>verbessern<\/strong>, <strong>Schulangst <\/strong>und <strong>Notendruck abzubauen<\/strong> und den Spa\u00df am Lernen zur\u00fcckzubringen. Durch gezielte Unterst\u00fctzung helfen wir Sch\u00fclerinnen und Sch\u00fclern, <strong>selbstst\u00e4ndiger zu arbeiten<\/strong> und ihre schulischen Aufgaben  zu meistern.<\/p>\n<\/div>\n<\/div>\n\n\n\n<div class=\"wp-block-group is-layout-constrained wp-block-group-is-layout-constrained\">\n<div class=\"wp-block-group is-layout-constrained wp-container-core-group-is-layout-a22d48ea wp-block-group-is-layout-constrained\" style=\"margin-top:var(--wp--preset--spacing--80);margin-bottom:var(--wp--preset--spacing--80)\">\n<h2 class=\"wp-block-heading has-text-align-center has-primary-color has-text-color\"><strong>Unser Angebot:\n\t\t\t<\/strong><br><strong>Vielf\u00e4ltige F\u00e4cher &amp; F\u00f6rderungen<\/strong><\/h2>\n\n\n\n<div style=\"height:10px\" aria-hidden=\"true\" class=\"wp-block-spacer\"><\/div>\n\n\n\n<p class=\"has-text-align-center\" style=\"margin-bottom:var(--wp--preset--spacing--20)\">Wir bieten\n\t\t\t<strong>individuelle Lehrg\u00e4nge<\/strong> in folgenden Bereichen:<\/p>\n\n\n\n<div style=\"height:10px\" aria-hidden=\"true\" class=\"wp-block-spacer\"><\/div>\n\n\n\n<p class=\"has-text-align-center\" style=\"margin-bottom:0\">Deutsch (Rechtschreibung, Grammatik, Aufsatz)<\/p>\n\n\n\n<p class=\"has-text-align-center\">Mathematik (Arithmetik, Geometrie, Algebra, Analysis, Stochastik)<\/p>\n\n\n\n<p class=\"has-text-align-center\">Englisch (Vokabular, Grammatik, Listening Comprehension)<\/p>\n\n\n\n<p class=\"has-text-align-center\">Latein (Vokabular, Formen- und Satzlehre)<\/p>\n\n\n\n<p class=\"has-text-align-center\">Franz\u00f6sisch (Vokabular, Grammatik, Konversation)<\/p>\n\n\n\n<p class=\"has-text-align-center\">Pr\u00fcfungsvorbereitung f\u00fcr alle schulischen Abschlusspr\u00fcfungen<\/p>\n\n\n\n<p class=\"has-text-align-center\">F\u00f6rderunterricht bei Lese-Rechtschreibschw\u00e4che<\/p>\n\n\n\n<p class=\"has-text-align-center\">weitere Kurse und F\u00e4cher<\/p>\n<\/div>\n<\/div>\n\n\n\n<div class=\"wp-block-group is-layout-constrained wp-block-group-is-layout-constrained\">\n<div class=\"wp-block-group has-light-background-color has-background is-layout-constrained wp-container-core-group-is-layout-ad319cd6 wp-block-group-is-layout-constrained\" style=\"padding-top:var(--wp--preset--spacing--80);padding-bottom:var(--wp--preset--spacing--80)\">\n<h2 class=\"wp-block-heading has-primary-color has-text-color\"><strong>Individuelle F\u00f6rderung f\u00fcr jeden\n\t\t\t\tSch\u00fcler<\/strong><\/h2>\n\n\n\n<p style=\"margin-bottom:var(--wp--preset--spacing--20)\">Um die <strong>bestm\u00f6gliche Unterst\u00fctzung<\/strong> zu bieten, f\u00fchren unsere Lehrkr\u00e4fte zu Beginn eines jeden Lehrgangs einen <strong>informellen Lernstandtest<\/strong> durch. Danach liegen die Schwerpunkte des Unterrichts auf der Beseitigung von Defiziten, in der Begleitung des aktuellen Unterrichtstoffes sowie auf der gezielten Vorbereitung auf anstehende Klausuren und Pr\u00fcfungen. Neben den Schulb\u00fcchern der Teilnehmer kommen auch <strong>spezialisierte Lernmaterialien<\/strong> zum Einsatz.<\/p>\n\n\n\n<div style=\"height:25px\" aria-hidden=\"true\" class=\"wp-block-spacer\"><\/div>\n\n\n\n<h2 class=\"wp-block-heading has-primary-color has-text-color\"><strong>Mini-Lernkreis in Ihrer N\u00e4he<\/strong><\/h2>\n\n\n\n<p style=\"margin-bottom:var(--wp--preset--spacing--20)\">Sie suchen <strong>Nachhilfe in den Kreisen Limburg-Weilburg<\/strong>, <strong>Lahn-Dill, Rhein-Lahn oder Westerwald?<\/strong><\/p>\n\n\n\n<p style=\"margin-bottom:var(--wp--preset--spacing--20)\">Bei uns finden Sie <strong>Einzelunterricht <\/strong>bei Ihnen zuhause, <strong>Online-Nachhilfe<\/strong> und ggf. auch Unterricht in <strong>Mini-Gruppen<\/strong> f\u00fcr alle relevanten F\u00e4cher und Klassenstufen \u2013 f\u00fcr eine <strong>pers\u00f6nliche und effektive F\u00f6rderung<\/strong>.<\/p>\n\n\n\n<p><\/p>\n<\/div>\n<\/div>\n","protected":false},"excerpt":{"rendered":"<p>Der Mini-Lernkreis in der Region Limburg-Weilburg Seit \u00fcber 50 Jahren steht der Mini-Lernkreis f\u00fcr erfolgreiche Sch\u00fclerf\u00f6rderung in ganz Deutschland. Mit qualifizierten Lehrkr\u00e4ften sind wir auch in der Region Limburg-Weilburg vertreten und bieten individuelle Nachhilfe prim\u00e4r im Einzelunterricht aber auch in Mini-Gruppen an. Mit professioneller Unterst\u00fctzung und mehr Motivation zu besseren Noten und Freude am Lernen. [&hellip;]<\/p>\n","protected":false},"author":1,"featured_media":0,"parent":0,"menu_order":0,"comment_status":"closed","ping_status":"closed","template":"page-partner","meta":{"inline_featured_image":false,"mlk_zustaendigkeit":"","mlk_adresse":"","mlk_email":"","mlk_telefon":"","footnotes":""},"class_list":["post-4","page","type-page","status-publish","hentry"],"yoast_head":"<!-- This site is optimized with the Yoast SEO plugin v27.5 - https:\/\/yoast.com\/product\/yoast-seo-wordpress\/ -->\n<title>\u00dcber uns - Mini-Lernkreis Dei\u00df<\/title>\n<meta name=\"description\" content=\"Qualifizierte Nachhilfe und F\u00f6rderung in der Region Limburg-Weilburg. Einzelunterricht f\u00fcr alle Schulf\u00e4cher und in allen Klassen.\" \/>\n<meta name=\"robots\" content=\"index, follow, max-snippet:-1, max-image-preview:large, max-video-preview:-1\" \/>\n<link rel=\"canonical\" href=\"https:\/\/minilernkreis.de\/limburg-weilburg\/ueber-uns\/\" \/>\n<meta property=\"og:locale\" content=\"de_DE\" \/>\n<meta property=\"og:type\" content=\"article\" \/>\n<meta property=\"og:title\" content=\"\u00dcber uns - Mini-Lernkreis Dei\u00df\" \/>\n<meta property=\"og:description\" content=\"Qualifizierte Nachhilfe und F\u00f6rderung in der Region Limburg-Weilburg. Einzelunterricht f\u00fcr alle Schulf\u00e4cher und in allen Klassen.\" \/>\n<meta property=\"og:url\" content=\"https:\/\/minilernkreis.de\/limburg-weilburg\/ueber-uns\/\" \/>\n<meta property=\"og:site_name\" content=\"Mini-Lernkreis Dei\u00df\" \/>\n<meta property=\"article:publisher\" content=\"https:\/\/www.facebook.com\/profile.php?id=100091360804193\" \/>\n<meta property=\"article:modified_time\" content=\"2026-03-24T12:26:02+00:00\" \/>\n<meta property=\"og:image\" content=\"https:\/\/minilernkreis.de\/limburg-weilburg\/wp-content\/uploads\/sites\/9\/Bernhard.png\" \/>\n<meta name=\"twitter:card\" content=\"summary_large_image\" \/>\n<meta name=\"twitter:label1\" content=\"Gesch\u00e4tzte Lesezeit\" \/>\n\t<meta name=\"twitter:data1\" content=\"2\u00a0Minuten\" \/>\n<script type=\"application\/ld+json\" class=\"yoast-schema-graph\">{\"@context\":\"https:\\\/\\\/schema.org\",\"@graph\":[{\"@type\":\"WebPage\",\"@id\":\"https:\\\/\\\/minilernkreis.de\\\/limburg-weilburg\\\/ueber-uns\\\/\",\"url\":\"https:\\\/\\\/minilernkreis.de\\\/limburg-weilburg\\\/ueber-uns\\\/\",\"name\":\"\u00dcber uns - Mini-Lernkreis Dei\u00df\",\"isPartOf\":{\"@id\":\"https:\\\/\\\/minilernkreis.de\\\/limburg-weilburg\\\/#website\"},\"primaryImageOfPage\":{\"@id\":\"https:\\\/\\\/minilernkreis.de\\\/limburg-weilburg\\\/ueber-uns\\\/#primaryimage\"},\"image\":{\"@id\":\"https:\\\/\\\/minilernkreis.de\\\/limburg-weilburg\\\/ueber-uns\\\/#primaryimage\"},\"thumbnailUrl\":\"https:\\\/\\\/minilernkreis.de\\\/limburg-weilburg\\\/wp-content\\\/uploads\\\/sites\\\/9\\\/Bernhard.png\",\"datePublished\":\"2026-02-06T14:45:59+00:00\",\"dateModified\":\"2026-03-24T12:26:02+00:00\",\"description\":\"Qualifizierte Nachhilfe und F\u00f6rderung in der Region Limburg-Weilburg. Einzelunterricht f\u00fcr alle Schulf\u00e4cher und in allen Klassen.\",\"breadcrumb\":{\"@id\":\"https:\\\/\\\/minilernkreis.de\\\/limburg-weilburg\\\/ueber-uns\\\/#breadcrumb\"},\"inLanguage\":\"de\",\"potentialAction\":[{\"@type\":\"ReadAction\",\"target\":[\"https:\\\/\\\/minilernkreis.de\\\/limburg-weilburg\\\/ueber-uns\\\/\"]}]},{\"@type\":\"ImageObject\",\"inLanguage\":\"de\",\"@id\":\"https:\\\/\\\/minilernkreis.de\\\/limburg-weilburg\\\/ueber-uns\\\/#primaryimage\",\"url\":\"https:\\\/\\\/minilernkreis.de\\\/limburg-weilburg\\\/wp-content\\\/uploads\\\/sites\\\/9\\\/Bernhard.png\",\"contentUrl\":\"https:\\\/\\\/minilernkreis.de\\\/limburg-weilburg\\\/wp-content\\\/uploads\\\/sites\\\/9\\\/Bernhard.png\",\"width\":250,\"height\":370,\"caption\":\"Leiter Mini-Lernkreis Limburg-Weilburg\"},{\"@type\":\"BreadcrumbList\",\"@id\":\"https:\\\/\\\/minilernkreis.de\\\/limburg-weilburg\\\/ueber-uns\\\/#breadcrumb\",\"itemListElement\":[{\"@type\":\"ListItem\",\"position\":1,\"name\":\"Start\",\"item\":\"https:\\\/\\\/minilernkreis.de\\\/limburg-weilburg\\\/\"},{\"@type\":\"ListItem\",\"position\":2,\"name\":\"\u00dcber uns\"}]},{\"@type\":\"WebSite\",\"@id\":\"https:\\\/\\\/minilernkreis.de\\\/limburg-weilburg\\\/#website\",\"url\":\"https:\\\/\\\/minilernkreis.de\\\/limburg-weilburg\\\/\",\"name\":\"Mini-Lernkreis Dei\u00df - Nachhilfe in Limburg-Weilburg\",\"description\":\"Nachhilfe in Limburg-Weilburg\",\"potentialAction\":[{\"@type\":\"SearchAction\",\"target\":{\"@type\":\"EntryPoint\",\"urlTemplate\":\"https:\\\/\\\/minilernkreis.de\\\/limburg-weilburg\\\/?s={search_term_string}\"},\"query-input\":{\"@type\":\"PropertyValueSpecification\",\"valueRequired\":true,\"valueName\":\"search_term_string\"}}],\"inLanguage\":\"de\"}]}<\/script>\n<!-- \/ Yoast SEO plugin. -->","yoast_head_json":{"title":"\u00dcber uns - Mini-Lernkreis Dei\u00df","description":"Qualifizierte Nachhilfe und F\u00f6rderung in der Region Limburg-Weilburg. Einzelunterricht f\u00fcr alle Schulf\u00e4cher und in allen Klassen.","robots":{"index":"index","follow":"follow","max-snippet":"max-snippet:-1","max-image-preview":"max-image-preview:large","max-video-preview":"max-video-preview:-1"},"canonical":"https:\/\/minilernkreis.de\/limburg-weilburg\/ueber-uns\/","og_locale":"de_DE","og_type":"article","og_title":"\u00dcber uns - Mini-Lernkreis Dei\u00df","og_description":"Qualifizierte Nachhilfe und F\u00f6rderung in der Region Limburg-Weilburg. Einzelunterricht f\u00fcr alle Schulf\u00e4cher und in allen Klassen.","og_url":"https:\/\/minilernkreis.de\/limburg-weilburg\/ueber-uns\/","og_site_name":"Mini-Lernkreis Dei\u00df","article_publisher":"https:\/\/www.facebook.com\/profile.php?id=100091360804193","article_modified_time":"2026-03-24T12:26:02+00:00","og_image":[{"url":"https:\/\/minilernkreis.de\/limburg-weilburg\/wp-content\/uploads\/sites\/9\/Bernhard.png","type":"","width":"","height":""}],"twitter_card":"summary_large_image","twitter_misc":{"Gesch\u00e4tzte Lesezeit":"2\u00a0Minuten"},"schema":{"@context":"https:\/\/schema.org","@graph":[{"@type":"WebPage","@id":"https:\/\/minilernkreis.de\/limburg-weilburg\/ueber-uns\/","url":"https:\/\/minilernkreis.de\/limburg-weilburg\/ueber-uns\/","name":"\u00dcber uns - Mini-Lernkreis Dei\u00df","isPartOf":{"@id":"https:\/\/minilernkreis.de\/limburg-weilburg\/#website"},"primaryImageOfPage":{"@id":"https:\/\/minilernkreis.de\/limburg-weilburg\/ueber-uns\/#primaryimage"},"image":{"@id":"https:\/\/minilernkreis.de\/limburg-weilburg\/ueber-uns\/#primaryimage"},"thumbnailUrl":"https:\/\/minilernkreis.de\/limburg-weilburg\/wp-content\/uploads\/sites\/9\/Bernhard.png","datePublished":"2026-02-06T14:45:59+00:00","dateModified":"2026-03-24T12:26:02+00:00","description":"Qualifizierte Nachhilfe und F\u00f6rderung in der Region Limburg-Weilburg. Einzelunterricht f\u00fcr alle Schulf\u00e4cher und in allen Klassen.","breadcrumb":{"@id":"https:\/\/minilernkreis.de\/limburg-weilburg\/ueber-uns\/#breadcrumb"},"inLanguage":"de","potentialAction":[{"@type":"ReadAction","target":["https:\/\/minilernkreis.de\/limburg-weilburg\/ueber-uns\/"]}]},{"@type":"ImageObject","inLanguage":"de","@id":"https:\/\/minilernkreis.de\/limburg-weilburg\/ueber-uns\/#primaryimage","url":"https:\/\/minilernkreis.de\/limburg-weilburg\/wp-content\/uploads\/sites\/9\/Bernhard.png","contentUrl":"https:\/\/minilernkreis.de\/limburg-weilburg\/wp-content\/uploads\/sites\/9\/Bernhard.png","width":250,"height":370,"caption":"Leiter Mini-Lernkreis Limburg-Weilburg"},{"@type":"BreadcrumbList","@id":"https:\/\/minilernkreis.de\/limburg-weilburg\/ueber-uns\/#breadcrumb","itemListElement":[{"@type":"ListItem","position":1,"name":"Start","item":"https:\/\/minilernkreis.de\/limburg-weilburg\/"},{"@type":"ListItem","position":2,"name":"\u00dcber uns"}]},{"@type":"WebSite","@id":"https:\/\/minilernkreis.de\/limburg-weilburg\/#website","url":"https:\/\/minilernkreis.de\/limburg-weilburg\/","name":"Mini-Lernkreis Dei\u00df - Nachhilfe in Limburg-Weilburg","description":"Nachhilfe in Limburg-Weilburg","potentialAction":[{"@type":"SearchAction","target":{"@type":"EntryPoint","urlTemplate":"https:\/\/minilernkreis.de\/limburg-weilburg\/?s={search_term_string}"},"query-input":{"@type":"PropertyValueSpecification","valueRequired":true,"valueName":"search_term_string"}}],"inLanguage":"de"}]}},"_links":{"self":[{"href":"https:\/\/minilernkreis.de\/limburg-weilburg\/wp-json\/wp\/v2\/pages\/4","targetHints":{"allow":["GET"]}}],"collection":[{"href":"https:\/\/minilernkreis.de\/limburg-weilburg\/wp-json\/wp\/v2\/pages"}],"about":[{"href":"https:\/\/minilernkreis.de\/limburg-weilburg\/wp-json\/wp\/v2\/types\/page"}],"author":[{"embeddable":true,"href":"https:\/\/minilernkreis.de\/limburg-weilburg\/wp-json\/wp\/v2\/users\/1"}],"replies":[{"embeddable":true,"href":"https:\/\/minilernkreis.de\/limburg-weilburg\/wp-json\/wp\/v2\/comments?post=4"}],"version-history":[{"count":16,"href":"https:\/\/minilernkreis.de\/limburg-weilburg\/wp-json\/wp\/v2\/pages\/4\/revisions"}],"predecessor-version":[{"id":507,"href":"https:\/\/minilernkreis.de\/limburg-weilburg\/wp-json\/wp\/v2\/pages\/4\/revisions\/507"}],"wp:attachment":[{"href":"https:\/\/minilernkreis.de\/limburg-weilburg\/wp-json\/wp\/v2\/media?parent=4"}],"curies":[{"name":"wp","href":"https:\/\/api.w.org\/{rel}","templated":true}]}}