{"id":5,"date":"2026-02-12T15:32:06","date_gmt":"2026-02-12T14:32:06","guid":{"rendered":"https:\/\/dev.minilernkreis.de\/giessen\/news\/"},"modified":"2026-03-27T09:47:20","modified_gmt":"2026-03-27T08:47:20","slug":"news","status":"publish","type":"page","link":"https:\/\/minilernkreis.de\/giessen\/news\/","title":{"rendered":"News"},"content":{"rendered":"\n<div style=\"background-image:url(&apos;https:\/\/minilernkreis.de\/gr-nol\/wp-content\/uploads\/sites\/3\/Hintergrund_titelbild_basierend_auf_gemini_generated_lmage_k2nsdzk2nsdzk2ns-Kopie.webp&apos;);background-size:cover;\" class=\"wp-block-group is-layout-constrained wp-block-group-is-layout-constrained has-background\">\n<div class=\"wp-block-group mt-5 mb-3 mx-3 is-layout-constrained wp-container-core-group-is-layout-4383d167 wp-block-group-is-layout-constrained\">\n<div style=\"height:50px\" aria-hidden=\"true\" class=\"wp-block-spacer\"><\/div>\n\n\n\n<div class=\"wp-block-group is-layout-grid wp-container-core-group-is-layout-32ce39f2 wp-block-group-is-layout-grid\">\n<div class=\"wp-block-group wp-container-content-e6bb3dd6 is-layout-constrained wp-container-core-group-is-layout-2815e813 wp-block-group-is-layout-constrained\" style=\"padding-bottom:var(--wp--preset--spacing--80)\">\n<h1 class=\"wp-block-heading has-base-color has-text-color has-kirvy-font-family\" style=\"font-size:clamp(1.743rem, 1.743rem + ((1vw - 0.2rem) * 1.571), 3rem);font-style:normal;font-weight:700\">News<\/h1>\n\n\n\n<h2 class=\"wp-block-heading has-secondary-color has-text-color\" style=\"font-size:clamp(1.403rem, 1.403rem + ((1vw - 0.2rem) * 1.121), 2.3rem);font-style:normal;font-weight:600\">Mini-Lernkreis Gie\u00dfen<\/h2>\n\n\n\n<div style=\"height:100px\" aria-hidden=\"true\" class=\"wp-block-spacer\"><\/div>\n\n\n\n<p class=\"has-base-color has-text-color\" style=\"font-size:clamp(0.984rem, 0.984rem + ((1vw - 0.2rem) * 0.645), 1.5rem);font-style:normal;font-weight:500\">Ob Informationen zu besonderen Veranstaltungen, neue Partnerschaften oder Angeboten. Aktuelle News rund um den Mini-Lernkreis Gie\u00dfen findet ihr hier!<\/p>\n\n\n\n<div style=\"height:100px\" aria-hidden=\"true\" class=\"wp-block-spacer\"><\/div>\n<\/div>\n<\/div>\n<\/div>\n<\/div>\n\n\n\n<div class=\"wp-block-group mb-1 is-layout-constrained wp-block-group-is-layout-constrained\">\n<div class=\"wp-block-group is-layout-constrained wp-container-core-group-is-layout-f6f8c0cc wp-block-group-is-layout-constrained\">\n<div class=\"wp-block-group is-nowrap is-layout-flex wp-container-core-group-is-layout-f1189ed3 wp-block-group-is-layout-flex\">\n<p style=\"font-size:0.8em;font-style:normal;font-weight:600\">Sie sind hier: <\/p>\n\n\n<div class=\"yoast-breadcrumbs\"><span><span><a href=\"https:\/\/minilernkreis.de\/giessen\/\">Start<\/a><\/span> \u00bb <span class=\"breadcrumb_last\" aria-current=\"page\">News<\/span><\/span><\/div><\/div>\n<\/div>\n<\/div>\n\n\n\n<div class=\"wp-block-group mx-3 is-layout-constrained wp-block-group-is-layout-constrained\">\n<div class=\"wp-block-group pt-1 pb-5 mx-3 is-layout-constrained wp-container-core-group-is-layout-4383d167 wp-block-group-is-layout-constrained\">\n<div class=\"wp-block-group is-layout-constrained wp-block-group-is-layout-constrained\">\n<h3 class=\"wp-block-heading has-primary-color has-text-color\" style=\"font-style:normal;font-weight:600\">\n\t\t\t\tEndlich ist es so weit: Unsere neue Webseite ist live!<\/h3>\n\n\n\n<p class=\"mb-1\" style=\"font-size:0.8em\">27.03.2026<\/p>\n\n\n\n<p class=\"mb-3\">Wir haben die \u00c4rmel hochgekrempelt und unser digitales Zuhause von Grund auf renoviert. Warum? Weil wir finden, dass moderne Nachhilfe und individuelle Lernunterst\u00fctzung auch eine zeitgem\u00e4\u00dfe Plattform verdient.<\/p>\n\n\n\n<h4 class=\"wp-block-heading has-primary-color has-text-color\" style=\"font-style:normal;font-weight:500\">Alles ist neu: Technik, Optik &amp; Inhalte<\/h4>\n\n\n\n<p class=\"mb-3\">Vielleicht ist es Ihnen schon aufgefallen: Alles wirkt frischer, \u00fcbersichtlicher und\n\t\t\t\tintuitiver. Wir haben nicht nur das Design modernisiert, sondern auch \u201eunter der Haube\u201c ordentlich\n\t\t\t\tgeschraubt. Unsere Webseite ist jetzt deutlich schneller, mobil optimiert und noch einfacher zu\n\t\t\t\tbedienen. Egal ob am PC oder unterwegs am Smartphone \u2013 Sie finden alle Informationen zu unserem\n\t\t\t\tKursangebot mit nur wenigen Klicks.<\/p>\n\n\n\n<h4 class=\"wp-block-heading has-primary-color has-text-color\" style=\"font-style:normal;font-weight:500\">Mehr als nur Nachhilfe beim Mini-Lernkreis Gie\u00dfen<\/h4>\n\n\n\n<p class=\"mb-3\">Neben unseren klassischen Dienstleistungen haben wir den Bereich \u201e\u00dcber uns\u201c erweitert. Wir\n\t\t\t\tm\u00f6chten, dass Sie genau wissen, wer hinter unserem Institut steckt und welche p\u00e4dagogische Philosophie\n\t\t\t\tuns antreibt. Transparenz ist uns wichtig, deshalb finden Sie nun detaillierte Einblicke in unsere\n\t\t\t\tArbeitsweise und unser Team.<\/p>\n\n\n\n<h4 class=\"wp-block-heading has-primary-color has-text-color\" style=\"font-style:normal;font-weight:500\">Neu:\n\t\t\t\tUnser Blog f\u00fcr wertvolle Lerntipps <\/h4>\n\n\n\n<p class=\"mb-2\">Ein besonderes Highlight ist unser neuer News- und Blog-Bereich. Hier versorgen wir Sie ab\n\t\t\t\tsofort regelm\u00e4\u00dfig mit:<\/p>\n\n\n\n<ul class=\"wp-block-list mb-3\">\n<li>Aktuellen Informationen rund um den Mini-Lernkreis Gie\u00dfen<\/li>\n\n\n\n<li>Praktischen Tipps f\u00fcr den Schulalltag<\/li>\n\n\n\n<li>Effektiven Strategien gegen Pr\u00fcfungsangst<\/li>\n\n\n\n<li>Aktuelle Informationen zum Thema Bildung<\/li>\n<\/ul>\n\n\n\n<h4 class=\"wp-block-heading has-primary-color has-text-color\" style=\"font-style:normal;font-weight:500\">Der Mini-Lernkreis Gie\u00dfen ist f\u00fcr Sie da !<\/h4>\n\n\n\n<p class=\"mb-2\">Sie haben Fragen oder m\u00f6chten direkt mit dem Unterricht beginnen? Dank der neuen, optimierten Kontaktm\u00f6glichkeiten erreichen Sie uns jetzt noch schneller. Nutzen Sie einfach unser Kontaktformular oder rufen Sie uns direkt unter 0641-966 199 83 an.<\/p>\n\n\n\n<p class=\"mb-4\">Wir laden Sie herzlich ein, sich auf unserer neuen Seite umzuschauen. Wir freuen uns auf Ihr\n\t\t\t\tFeedback!<\/p>\n\n\n\n<p>Ihr Team vom Mini-Lernkreis Gie\u00dfen<\/p>\n\n\n\n<p>Saras &amp; Michael Bender<\/p>\n<\/div>\n<\/div>\n<\/div>\n","protected":false},"excerpt":{"rendered":"<p>News Mini-Lernkreis Gie\u00dfen Ob Informationen zu besonderen Veranstaltungen, neue Partnerschaften oder Angeboten. Aktuelle News rund um den Mini-Lernkreis Gie\u00dfen findet ihr hier! Sie sind hier: Endlich ist es so weit: Unsere neue Webseite ist live! 27.03.2026 Wir haben die \u00c4rmel hochgekrempelt und unser digitales Zuhause von Grund auf renoviert. Warum? Weil wir finden, dass moderne [&hellip;]<\/p>\n","protected":false},"author":1,"featured_media":0,"parent":0,"menu_order":0,"comment_status":"closed","ping_status":"closed","template":"page-partner","meta":{"inline_featured_image":false,"mlk_zustaendigkeit":"","mlk_adresse":"","mlk_email":"","mlk_telefon":"","footnotes":""},"class_list":["post-5","page","type-page","status-publish","hentry"],"yoast_head":"<!-- This site is optimized with the Yoast SEO plugin v27.2 - https:\/\/yoast.com\/product\/yoast-seo-wordpress\/ -->\n<title>News - Mini-Lernkreis Bender<\/title>\n<meta name=\"description\" content=\"News beim Mini-Lernkreis Gie\u00dfen: Aktuelle Infos zu Kursstarts, Ferienkursen, F\u00f6rderangeboten, Infoabenden und Terminen rund um Nachhilfe.\" \/>\n<meta name=\"robots\" content=\"index, follow, max-snippet:-1, max-image-preview:large, max-video-preview:-1\" \/>\n<link rel=\"canonical\" href=\"https:\/\/minilernkreis.de\/giessen\/news\/\" \/>\n<meta property=\"og:locale\" content=\"de_DE\" \/>\n<meta property=\"og:type\" content=\"article\" \/>\n<meta property=\"og:title\" content=\"News - Mini-Lernkreis Bender\" \/>\n<meta property=\"og:description\" content=\"News beim Mini-Lernkreis Gie\u00dfen: Aktuelle Infos zu Kursstarts, Ferienkursen, F\u00f6rderangeboten, Infoabenden und Terminen rund um Nachhilfe.\" \/>\n<meta property=\"og:url\" content=\"https:\/\/minilernkreis.de\/giessen\/news\/\" \/>\n<meta property=\"og:site_name\" content=\"Mini-Lernkreis Bender\" \/>\n<meta property=\"article:modified_time\" content=\"2026-03-27T08:47:20+00:00\" \/>\n<meta name=\"twitter:card\" content=\"summary_large_image\" \/>\n<meta name=\"twitter:label1\" content=\"Gesch\u00e4tzte Lesezeit\" \/>\n\t<meta name=\"twitter:data1\" content=\"2\u00a0Minuten\" \/>\n<script type=\"application\/ld+json\" class=\"yoast-schema-graph\">{\"@context\":\"https:\/\/schema.org\",\"@graph\":[{\"@type\":\"WebPage\",\"@id\":\"https:\/\/minilernkreis.de\/giessen\/news\/\",\"url\":\"https:\/\/minilernkreis.de\/giessen\/news\/\",\"name\":\"News - Mini-Lernkreis Bender\",\"isPartOf\":{\"@id\":\"https:\/\/minilernkreis.de\/giessen\/#website\"},\"datePublished\":\"2026-02-12T14:32:06+00:00\",\"dateModified\":\"2026-03-27T08:47:20+00:00\",\"description\":\"News beim Mini-Lernkreis Gie\u00dfen: Aktuelle Infos zu Kursstarts, Ferienkursen, F\u00f6rderangeboten, Infoabenden und Terminen rund um Nachhilfe.\",\"breadcrumb\":{\"@id\":\"https:\/\/minilernkreis.de\/giessen\/news\/#breadcrumb\"},\"inLanguage\":\"de\",\"potentialAction\":[{\"@type\":\"ReadAction\",\"target\":[\"https:\/\/minilernkreis.de\/giessen\/news\/\"]}]},{\"@type\":\"BreadcrumbList\",\"@id\":\"https:\/\/minilernkreis.de\/giessen\/news\/#breadcrumb\",\"itemListElement\":[{\"@type\":\"ListItem\",\"position\":1,\"name\":\"Start\",\"item\":\"https:\/\/minilernkreis.de\/giessen\/\"},{\"@type\":\"ListItem\",\"position\":2,\"name\":\"News\"}]},{\"@type\":\"WebSite\",\"@id\":\"https:\/\/minilernkreis.de\/giessen\/#website\",\"url\":\"https:\/\/minilernkreis.de\/giessen\/\",\"name\":\"Mini-Lernkreis Gie\u00dfen\",\"description\":\"Nachhilfe in Gie\u00dfen und Allendorf\",\"publisher\":{\"@id\":\"https:\/\/minilernkreis.de\/giessen\/#organization\"},\"potentialAction\":[{\"@type\":\"SearchAction\",\"target\":{\"@type\":\"EntryPoint\",\"urlTemplate\":\"https:\/\/minilernkreis.de\/giessen\/?s={search_term_string}\"},\"query-input\":{\"@type\":\"PropertyValueSpecification\",\"valueRequired\":true,\"valueName\":\"search_term_string\"}}],\"inLanguage\":\"de\"},{\"@type\":\"Organization\",\"@id\":\"https:\/\/minilernkreis.de\/giessen\/#organization\",\"name\":\"Mini-Lernkreis Bender\",\"url\":\"https:\/\/minilernkreis.de\/giessen\/\",\"logo\":{\"@type\":\"ImageObject\",\"inLanguage\":\"de\",\"@id\":\"https:\/\/minilernkreis.de\/giessen\/#\/schema\/logo\/image\/\",\"url\":\"https:\/\/minilernkreis.de\/giessen\/wp-content\/uploads\/sites\/11\/logo_minilernkreis.svg\",\"contentUrl\":\"https:\/\/minilernkreis.de\/giessen\/wp-content\/uploads\/sites\/11\/logo_minilernkreis.svg\",\"width\":\"1024\",\"height\":\"1024\",\"caption\":\"Mini-Lernkreis Bender\"},\"image\":{\"@id\":\"https:\/\/minilernkreis.de\/giessen\/#\/schema\/logo\/image\/\"}}]}<\/script>\n<!-- \/ Yoast SEO plugin. -->","yoast_head_json":{"title":"News - Mini-Lernkreis Bender","description":"News beim Mini-Lernkreis Gie\u00dfen: Aktuelle Infos zu Kursstarts, Ferienkursen, F\u00f6rderangeboten, Infoabenden und Terminen rund um Nachhilfe.","robots":{"index":"index","follow":"follow","max-snippet":"max-snippet:-1","max-image-preview":"max-image-preview:large","max-video-preview":"max-video-preview:-1"},"canonical":"https:\/\/minilernkreis.de\/giessen\/news\/","og_locale":"de_DE","og_type":"article","og_title":"News - Mini-Lernkreis Bender","og_description":"News beim Mini-Lernkreis Gie\u00dfen: Aktuelle Infos zu Kursstarts, Ferienkursen, F\u00f6rderangeboten, Infoabenden und Terminen rund um Nachhilfe.","og_url":"https:\/\/minilernkreis.de\/giessen\/news\/","og_site_name":"Mini-Lernkreis Bender","article_modified_time":"2026-03-27T08:47:20+00:00","twitter_card":"summary_large_image","twitter_misc":{"Gesch\u00e4tzte Lesezeit":"2\u00a0Minuten"},"schema":{"@context":"https:\/\/schema.org","@graph":[{"@type":"WebPage","@id":"https:\/\/minilernkreis.de\/giessen\/news\/","url":"https:\/\/minilernkreis.de\/giessen\/news\/","name":"News - Mini-Lernkreis Bender","isPartOf":{"@id":"https:\/\/minilernkreis.de\/giessen\/#website"},"datePublished":"2026-02-12T14:32:06+00:00","dateModified":"2026-03-27T08:47:20+00:00","description":"News beim Mini-Lernkreis Gie\u00dfen: Aktuelle Infos zu Kursstarts, Ferienkursen, F\u00f6rderangeboten, Infoabenden und Terminen rund um Nachhilfe.","breadcrumb":{"@id":"https:\/\/minilernkreis.de\/giessen\/news\/#breadcrumb"},"inLanguage":"de","potentialAction":[{"@type":"ReadAction","target":["https:\/\/minilernkreis.de\/giessen\/news\/"]}]},{"@type":"BreadcrumbList","@id":"https:\/\/minilernkreis.de\/giessen\/news\/#breadcrumb","itemListElement":[{"@type":"ListItem","position":1,"name":"Start","item":"https:\/\/minilernkreis.de\/giessen\/"},{"@type":"ListItem","position":2,"name":"News"}]},{"@type":"WebSite","@id":"https:\/\/minilernkreis.de\/giessen\/#website","url":"https:\/\/minilernkreis.de\/giessen\/","name":"Mini-Lernkreis Gie\u00dfen","description":"Nachhilfe in Gie\u00dfen und Allendorf","publisher":{"@id":"https:\/\/minilernkreis.de\/giessen\/#organization"},"potentialAction":[{"@type":"SearchAction","target":{"@type":"EntryPoint","urlTemplate":"https:\/\/minilernkreis.de\/giessen\/?s={search_term_string}"},"query-input":{"@type":"PropertyValueSpecification","valueRequired":true,"valueName":"search_term_string"}}],"inLanguage":"de"},{"@type":"Organization","@id":"https:\/\/minilernkreis.de\/giessen\/#organization","name":"Mini-Lernkreis Bender","url":"https:\/\/minilernkreis.de\/giessen\/","logo":{"@type":"ImageObject","inLanguage":"de","@id":"https:\/\/minilernkreis.de\/giessen\/#\/schema\/logo\/image\/","url":"https:\/\/minilernkreis.de\/giessen\/wp-content\/uploads\/sites\/11\/logo_minilernkreis.svg","contentUrl":"https:\/\/minilernkreis.de\/giessen\/wp-content\/uploads\/sites\/11\/logo_minilernkreis.svg","width":"1024","height":"1024","caption":"Mini-Lernkreis Bender"},"image":{"@id":"https:\/\/minilernkreis.de\/giessen\/#\/schema\/logo\/image\/"}}]}},"_links":{"self":[{"href":"https:\/\/minilernkreis.de\/giessen\/wp-json\/wp\/v2\/pages\/5","targetHints":{"allow":["GET"]}}],"collection":[{"href":"https:\/\/minilernkreis.de\/giessen\/wp-json\/wp\/v2\/pages"}],"about":[{"href":"https:\/\/minilernkreis.de\/giessen\/wp-json\/wp\/v2\/types\/page"}],"author":[{"embeddable":true,"href":"https:\/\/minilernkreis.de\/giessen\/wp-json\/wp\/v2\/users\/1"}],"replies":[{"embeddable":true,"href":"https:\/\/minilernkreis.de\/giessen\/wp-json\/wp\/v2\/comments?post=5"}],"version-history":[{"count":4,"href":"https:\/\/minilernkreis.de\/giessen\/wp-json\/wp\/v2\/pages\/5\/revisions"}],"predecessor-version":[{"id":349,"href":"https:\/\/minilernkreis.de\/giessen\/wp-json\/wp\/v2\/pages\/5\/revisions\/349"}],"wp:attachment":[{"href":"https:\/\/minilernkreis.de\/giessen\/wp-json\/wp\/v2\/media?parent=5"}],"curies":[{"name":"wp","href":"https:\/\/api.w.org\/{rel}","templated":true}]}}