{"id":29,"date":"2026-04-20T17:47:40","date_gmt":"2026-04-20T15:47:40","guid":{"rendered":"https:\/\/minilernkreis.de\/augsburg\/kontakt\/"},"modified":"2026-04-29T20:19:26","modified_gmt":"2026-04-29T18:19:26","slug":"kontakt","status":"publish","type":"page","link":"https:\/\/minilernkreis.de\/augsburg\/kontakt\/","title":{"rendered":"Kontakt"},"content":{"rendered":"\n<div class=\"wp-block-group is-layout-constrained wp-block-group-is-layout-constrained\">\n<div class=\"wp-block-group mt-5 mb-3 mx-3 is-layout-constrained wp-container-core-group-is-layout-4383d167 wp-block-group-is-layout-constrained\">\n<div style=\"height:50px\" aria-hidden=\"true\" class=\"wp-block-spacer\"><\/div>\n\n\n\n<div class=\"wp-block-group is-layout-grid wp-container-core-group-is-layout-32ce39f2 wp-block-group-is-layout-grid\">\n<div class=\"wp-block-group wp-container-content-e6bb3dd6 is-layout-constrained wp-container-core-group-is-layout-4383d167 wp-block-group-is-layout-constrained\">\n<h1 class=\"wp-block-heading has-primary-color has-text-color has-kirvy-font-family\" style=\"font-size:clamp(1.743rem, 1.743rem + ((1vw - 0.2rem) * 1.571), 3rem);font-style:normal;font-weight:700\">Kontakt<\/h1>\n\n\n\n<h2 class=\"wp-block-heading has-secondary-color has-text-color\" style=\"font-size:clamp(1.403rem, 1.403rem + ((1vw - 0.2rem) * 1.121), 2.3rem);font-style:normal;font-weight:600\">Mini-Lernkreis Augsburg<\/h2>\n\n\n\n<p class=\"has-primary-color has-text-color\" style=\"font-size:clamp(0.984em, 0.984rem + ((1vw - 0.2em) * 0.645), 1.5em);font-style:normal;font-weight:500\">\n\t\t\t\t\tAnschrift:<br>Neidhardstr. 15 Augsburg<\/p>\n\n\n\n<div style=\"height:10px\" aria-hidden=\"true\" class=\"wp-block-spacer\"><\/div>\n\n\n\n<p class=\"has-primary-color has-text-color\" style=\"font-size:clamp(0.984rem, 0.984rem + ((1vw - 0.2rem) * 0.645), 1.5rem);font-style:normal;font-weight:500\">\n\t\t\t\t\tTelefon:<br>0821 591904<\/p>\n\n\n\n<div style=\"height:10px\" aria-hidden=\"true\" class=\"wp-block-spacer\"><\/div>\n\n\n\n<p class=\"has-primary-color has-text-color\" style=\"font-size:clamp(0.984rem, 0.984rem + ((1vw - 0.2rem) * 0.645), 1.5rem);font-style:normal;font-weight:500\">\n\t\t\t\t\tE-Mail:<br>augsburg@minilernkreis.de<\/p>\n\n\n\n<div style=\"height:100px\" aria-hidden=\"true\" class=\"wp-block-spacer\"><\/div>\n<\/div>\n\n\n\n<div class=\"wp-block-group is-layout-constrained wp-block-group-is-layout-constrained\">\n<figure class=\"wp-block-image size-full\" style=\"margin-top:var(--wp--preset--spacing--20);margin-right:0;margin-bottom:var(--wp--preset--spacing--20);margin-left:0\"><img loading=\"lazy\" decoding=\"async\" width=\"599\" height=\"641\" src=\"https:\/\/minilernkreis.de\/augsburg\/wp-content\/uploads\/sites\/48\/WhatsApp-Image-2026-04-29-at-14.35.39.jpeg\" alt=\"\" class=\"wp-image-86\" title=\"Kontakt - Mini-Lernkreis Melinda Oros - Nachhilfe in der Region Augsburg\" srcset=\"https:\/\/minilernkreis.de\/augsburg\/wp-content\/uploads\/sites\/48\/WhatsApp-Image-2026-04-29-at-14.35.39.jpeg 599w, https:\/\/minilernkreis.de\/augsburg\/wp-content\/uploads\/sites\/48\/WhatsApp-Image-2026-04-29-at-14.35.39-280x300.jpeg 280w\" sizes=\"auto, (max-width: 599px) 100vw, 599px\" \/><figcaption class=\"wp-element-caption\">Mini-Lernkreisleitung Region Augsburg<br>Frau  Melinda Oros<\/figcaption><\/figure>\n<\/div>\n<\/div>\n<\/div>\n<\/div>\n\n\n\n<div class=\"wp-block-group mb-1 is-layout-constrained wp-block-group-is-layout-constrained\">\n<div class=\"wp-block-group is-layout-constrained wp-container-core-group-is-layout-f6f8c0cc wp-block-group-is-layout-constrained\">\n<div class=\"wp-block-group is-nowrap is-layout-flex wp-container-core-group-is-layout-f1189ed3 wp-block-group-is-layout-flex\">\n<p style=\"font-size:0.8em;font-style:normal;font-weight:600\">Sie sind hier:<\/p>\n\n\n<div class=\"yoast-breadcrumbs\"><span><span><a href=\"https:\/\/minilernkreis.de\/augsburg\/\">Start<\/a><\/span> \u00bb <span class=\"breadcrumb_last\" aria-current=\"page\">Kontakt<\/span><\/span><\/div><\/div>\n<\/div>\n<\/div>\n\n\n\n<div class=\"wp-block-group has-light-background-color has-background is-layout-constrained wp-block-group-is-layout-constrained\">\n<div class=\"wp-block-group pt-3 is-layout-constrained wp-container-core-group-is-layout-4383d167 wp-block-group-is-layout-constrained\">\n<h2 class=\"wp-block-heading has-text-align-center has-secondary-color has-text-color\" style=\"font-size:clamp(1.403em, 1.403rem + ((1vw - 0.2em) * 1.121), 2.3em);font-style:normal;font-weight:700\">Sie haben Interesse an einem Beratungsgespr\u00e4ch?\n\t\t<\/h2>\n\n\n\n<p class=\"has-text-align-center has-primary-color has-text-color\" style=\"font-size:clamp(0.984rem, 0.984rem + ((1vw - 0.2rem) * 0.645), 1.5rem);font-style:normal;font-weight:500\">So erreichen Sie uns<\/p>\n\n\n\n<p class=\"has-text-align-center\">Wir sind Montags bis Freitags von <\/p>\n<\/div>\n\n\n\n<div class=\"wp-block-group pb-5 is-layout-constrained wp-container-core-group-is-layout-4383d167 wp-block-group-is-layout-constrained\">\n<div class=\"wp-block-group shadow-secondary-30 has-base-background-color has-background is-layout-constrained wp-container-core-group-is-layout-52009084 wp-block-group-is-layout-constrained\" style=\"border-top-left-radius:25px;border-top-right-radius:25px;border-bottom-left-radius:25px;border-bottom-right-radius:25px;padding-top:var(--wp--preset--spacing--40);padding-right:var(--wp--preset--spacing--40);padding-bottom:var(--wp--preset--spacing--40);padding-left:var(--wp--preset--spacing--40)\">\n<div class=\"wp-block-group is-nowrap is-layout-flex wp-container-core-group-is-layout-fc054d2d wp-block-group-is-layout-flex\">\n<div style=\"--mlk-icon-bg:var(--wp--preset--color--secondary);--mlk-icon-color:#004799;--mlk-icon-size:24px;\" class=\"mlk-icon text wp-block-mlk-icon\">\n    <i class=\"mlk-icon__icon fa-solid fa-align-left\"><\/i>\n<\/div>\n\n\n\n<h3 class=\"wp-block-heading has-secondary-color has-text-color\" style=\"font-style:normal;font-weight:600\">Kontaktformular<\/h3>\n<\/div>\n\n\n<p><p class=\"wpcf7-contact-form-not-found\"><strong>Fehler:<\/strong> Kontaktformular wurde nicht gefunden.<\/p><\/p>\n<\/div>\n<\/div>\n<\/div>\n\n\n\n<div class=\"wp-block-group is-layout-constrained wp-block-group-is-layout-constrained\">\n<div class=\"wp-block-group my-3 is-layout-constrained wp-container-core-group-is-layout-4383d167 wp-block-group-is-layout-constrained\">\n<div class=\"wp-block-group is-vertical is-content-justification-left is-layout-flex wp-container-core-group-is-layout-dd225191 wp-block-group-is-layout-flex\">\n<h2 class=\"wp-block-heading has-secondary-color has-text-color\" style=\"font-size:clamp(1.403em, 1.403rem + ((1vw - 0.2em) * 1.121), 2.3em);font-style:normal;font-weight:700\">Hinweis zum Datenschutz<\/h2>\n\n\n\n<p>Ihre personenbezogenen Daten werden im Sinne des Datenschutzgesetzes ausschlie\u00dflich zur Bearbeitung und\n\t\t\t\tBeantwortung Ihrer Anfrage erhoben, \u00fcbermittelt, verarbeitet und genutzt.<\/p>\n\n\n\n<div style=\"height:25px\" aria-hidden=\"true\" class=\"wp-block-spacer wp-container-content-1ac3d91d\"><\/div>\n\n\n\n<p class=\"has-text-color has-link-color wp-elements-4153776e0c5dec4b0964ed8742346460\">Zur\u00fcck zur <a href=\"https:\/\/minilernkreis.de\/gr-nol\/\">Startseite<\/a><\/p>\n<\/div>\n<\/div>\n<\/div>\n","protected":false},"excerpt":{"rendered":"<p>Kontakt Mini-Lernkreis Augsburg Anschrift:Neidhardstr. 15 Augsburg Telefon:0821 591904 E-Mail:augsburg@minilernkreis.de Sie sind hier: Sie haben Interesse an einem Beratungsgespr\u00e4ch? So erreichen Sie uns Wir sind Montags bis Freitags von Kontaktformular Hinweis zum Datenschutz Ihre personenbezogenen Daten werden im Sinne des Datenschutzgesetzes ausschlie\u00dflich zur Bearbeitung und Beantwortung Ihrer Anfrage erhoben, \u00fcbermittelt, verarbeitet und genutzt. Zur\u00fcck zur Startseite<\/p>\n","protected":false},"author":4,"featured_media":0,"parent":0,"menu_order":0,"comment_status":"closed","ping_status":"closed","template":"page-partner","meta":{"inline_featured_image":false,"mlk_zustaendigkeit":"","mlk_adresse":"","mlk_email":"","mlk_telefon":"","footnotes":""},"class_list":["post-29","page","type-page","status-publish","hentry"],"yoast_head":"<!-- This site is optimized with the Yoast SEO plugin v27.5 - https:\/\/yoast.com\/product\/yoast-seo-wordpress\/ -->\n<title>Kontakt - Mini-Lernkreis Augsburg<\/title>\n<meta name=\"robots\" content=\"index, follow, max-snippet:-1, max-image-preview:large, max-video-preview:-1\" \/>\n<link rel=\"canonical\" href=\"https:\/\/minilernkreis.de\/augsburg\/kontakt\/\" \/>\n<meta property=\"og:locale\" content=\"de_DE\" \/>\n<meta property=\"og:type\" content=\"article\" \/>\n<meta property=\"og:title\" content=\"Kontakt - Mini-Lernkreis Augsburg\" \/>\n<meta property=\"og:description\" content=\"Kontakt Mini-Lernkreis Augsburg Anschrift:Neidhardstr. 15 Augsburg Telefon:0821 591904 E-Mail:augsburg@minilernkreis.de Sie sind hier: Sie haben Interesse an einem Beratungsgespr\u00e4ch? So erreichen Sie uns Wir sind Montags bis Freitags von Kontaktformular Hinweis zum Datenschutz Ihre personenbezogenen Daten werden im Sinne des Datenschutzgesetzes ausschlie\u00dflich zur Bearbeitung und Beantwortung Ihrer Anfrage erhoben, \u00fcbermittelt, verarbeitet und genutzt. Zur\u00fcck zur Startseite\" \/>\n<meta property=\"og:url\" content=\"https:\/\/minilernkreis.de\/augsburg\/kontakt\/\" \/>\n<meta property=\"og:site_name\" content=\"Mini-Lernkreis Augsburg\" \/>\n<meta property=\"article:modified_time\" content=\"2026-04-29T18:19:26+00:00\" \/>\n<meta property=\"og:image\" content=\"https:\/\/minilernkreis.de\/augsburg\/wp-content\/uploads\/sites\/48\/WhatsApp-Image-2026-04-29-at-14.35.39.jpeg\" \/>\n<meta name=\"twitter:card\" content=\"summary_large_image\" \/>\n<meta name=\"twitter:label1\" content=\"Gesch\u00e4tzte Lesezeit\" \/>\n\t<meta name=\"twitter:data1\" content=\"1\u00a0Minute\" \/>\n<script type=\"application\/ld+json\" class=\"yoast-schema-graph\">{\"@context\":\"https:\\\/\\\/schema.org\",\"@graph\":[{\"@type\":\"WebPage\",\"@id\":\"https:\\\/\\\/minilernkreis.de\\\/augsburg\\\/kontakt\\\/\",\"url\":\"https:\\\/\\\/minilernkreis.de\\\/augsburg\\\/kontakt\\\/\",\"name\":\"Kontakt - Mini-Lernkreis Augsburg\",\"isPartOf\":{\"@id\":\"https:\\\/\\\/minilernkreis.de\\\/augsburg\\\/#website\"},\"primaryImageOfPage\":{\"@id\":\"https:\\\/\\\/minilernkreis.de\\\/augsburg\\\/kontakt\\\/#primaryimage\"},\"image\":{\"@id\":\"https:\\\/\\\/minilernkreis.de\\\/augsburg\\\/kontakt\\\/#primaryimage\"},\"thumbnailUrl\":\"https:\\\/\\\/minilernkreis.de\\\/augsburg\\\/wp-content\\\/uploads\\\/sites\\\/48\\\/WhatsApp-Image-2026-04-29-at-14.35.39.jpeg\",\"datePublished\":\"2026-04-20T15:47:40+00:00\",\"dateModified\":\"2026-04-29T18:19:26+00:00\",\"breadcrumb\":{\"@id\":\"https:\\\/\\\/minilernkreis.de\\\/augsburg\\\/kontakt\\\/#breadcrumb\"},\"inLanguage\":\"de\",\"potentialAction\":[{\"@type\":\"ReadAction\",\"target\":[\"https:\\\/\\\/minilernkreis.de\\\/augsburg\\\/kontakt\\\/\"]}]},{\"@type\":\"ImageObject\",\"inLanguage\":\"de\",\"@id\":\"https:\\\/\\\/minilernkreis.de\\\/augsburg\\\/kontakt\\\/#primaryimage\",\"url\":\"https:\\\/\\\/minilernkreis.de\\\/augsburg\\\/wp-content\\\/uploads\\\/sites\\\/48\\\/WhatsApp-Image-2026-04-29-at-14.35.39.jpeg\",\"contentUrl\":\"https:\\\/\\\/minilernkreis.de\\\/augsburg\\\/wp-content\\\/uploads\\\/sites\\\/48\\\/WhatsApp-Image-2026-04-29-at-14.35.39.jpeg\",\"width\":599,\"height\":641,\"caption\":\"Mini_Lernkreileitung Region Augsburg Frau Oros\"},{\"@type\":\"BreadcrumbList\",\"@id\":\"https:\\\/\\\/minilernkreis.de\\\/augsburg\\\/kontakt\\\/#breadcrumb\",\"itemListElement\":[{\"@type\":\"ListItem\",\"position\":1,\"name\":\"Start\",\"item\":\"https:\\\/\\\/minilernkreis.de\\\/augsburg\\\/\"},{\"@type\":\"ListItem\",\"position\":2,\"name\":\"Kontakt\"}]},{\"@type\":\"WebSite\",\"@id\":\"https:\\\/\\\/minilernkreis.de\\\/augsburg\\\/#website\",\"url\":\"https:\\\/\\\/minilernkreis.de\\\/augsburg\\\/\",\"name\":\"Mini-Lernkreis Augsburg\",\"description\":\"\",\"potentialAction\":[{\"@type\":\"SearchAction\",\"target\":{\"@type\":\"EntryPoint\",\"urlTemplate\":\"https:\\\/\\\/minilernkreis.de\\\/augsburg\\\/?s={search_term_string}\"},\"query-input\":{\"@type\":\"PropertyValueSpecification\",\"valueRequired\":true,\"valueName\":\"search_term_string\"}}],\"inLanguage\":\"de\"}]}<\/script>\n<!-- \/ Yoast SEO plugin. -->","yoast_head_json":{"title":"Kontakt - Mini-Lernkreis Augsburg","robots":{"index":"index","follow":"follow","max-snippet":"max-snippet:-1","max-image-preview":"max-image-preview:large","max-video-preview":"max-video-preview:-1"},"canonical":"https:\/\/minilernkreis.de\/augsburg\/kontakt\/","og_locale":"de_DE","og_type":"article","og_title":"Kontakt - Mini-Lernkreis Augsburg","og_description":"Kontakt Mini-Lernkreis Augsburg Anschrift:Neidhardstr. 15 Augsburg Telefon:0821 591904 E-Mail:augsburg@minilernkreis.de Sie sind hier: Sie haben Interesse an einem Beratungsgespr\u00e4ch? So erreichen Sie uns Wir sind Montags bis Freitags von Kontaktformular Hinweis zum Datenschutz Ihre personenbezogenen Daten werden im Sinne des Datenschutzgesetzes ausschlie\u00dflich zur Bearbeitung und Beantwortung Ihrer Anfrage erhoben, \u00fcbermittelt, verarbeitet und genutzt. Zur\u00fcck zur Startseite","og_url":"https:\/\/minilernkreis.de\/augsburg\/kontakt\/","og_site_name":"Mini-Lernkreis Augsburg","article_modified_time":"2026-04-29T18:19:26+00:00","og_image":[{"url":"https:\/\/minilernkreis.de\/augsburg\/wp-content\/uploads\/sites\/48\/WhatsApp-Image-2026-04-29-at-14.35.39.jpeg","type":"","width":"","height":""}],"twitter_card":"summary_large_image","twitter_misc":{"Gesch\u00e4tzte Lesezeit":"1\u00a0Minute"},"schema":{"@context":"https:\/\/schema.org","@graph":[{"@type":"WebPage","@id":"https:\/\/minilernkreis.de\/augsburg\/kontakt\/","url":"https:\/\/minilernkreis.de\/augsburg\/kontakt\/","name":"Kontakt - Mini-Lernkreis Augsburg","isPartOf":{"@id":"https:\/\/minilernkreis.de\/augsburg\/#website"},"primaryImageOfPage":{"@id":"https:\/\/minilernkreis.de\/augsburg\/kontakt\/#primaryimage"},"image":{"@id":"https:\/\/minilernkreis.de\/augsburg\/kontakt\/#primaryimage"},"thumbnailUrl":"https:\/\/minilernkreis.de\/augsburg\/wp-content\/uploads\/sites\/48\/WhatsApp-Image-2026-04-29-at-14.35.39.jpeg","datePublished":"2026-04-20T15:47:40+00:00","dateModified":"2026-04-29T18:19:26+00:00","breadcrumb":{"@id":"https:\/\/minilernkreis.de\/augsburg\/kontakt\/#breadcrumb"},"inLanguage":"de","potentialAction":[{"@type":"ReadAction","target":["https:\/\/minilernkreis.de\/augsburg\/kontakt\/"]}]},{"@type":"ImageObject","inLanguage":"de","@id":"https:\/\/minilernkreis.de\/augsburg\/kontakt\/#primaryimage","url":"https:\/\/minilernkreis.de\/augsburg\/wp-content\/uploads\/sites\/48\/WhatsApp-Image-2026-04-29-at-14.35.39.jpeg","contentUrl":"https:\/\/minilernkreis.de\/augsburg\/wp-content\/uploads\/sites\/48\/WhatsApp-Image-2026-04-29-at-14.35.39.jpeg","width":599,"height":641,"caption":"Mini_Lernkreileitung Region Augsburg Frau Oros"},{"@type":"BreadcrumbList","@id":"https:\/\/minilernkreis.de\/augsburg\/kontakt\/#breadcrumb","itemListElement":[{"@type":"ListItem","position":1,"name":"Start","item":"https:\/\/minilernkreis.de\/augsburg\/"},{"@type":"ListItem","position":2,"name":"Kontakt"}]},{"@type":"WebSite","@id":"https:\/\/minilernkreis.de\/augsburg\/#website","url":"https:\/\/minilernkreis.de\/augsburg\/","name":"Mini-Lernkreis Augsburg","description":"","potentialAction":[{"@type":"SearchAction","target":{"@type":"EntryPoint","urlTemplate":"https:\/\/minilernkreis.de\/augsburg\/?s={search_term_string}"},"query-input":{"@type":"PropertyValueSpecification","valueRequired":true,"valueName":"search_term_string"}}],"inLanguage":"de"}]}},"_links":{"self":[{"href":"https:\/\/minilernkreis.de\/augsburg\/wp-json\/wp\/v2\/pages\/29","targetHints":{"allow":["GET"]}}],"collection":[{"href":"https:\/\/minilernkreis.de\/augsburg\/wp-json\/wp\/v2\/pages"}],"about":[{"href":"https:\/\/minilernkreis.de\/augsburg\/wp-json\/wp\/v2\/types\/page"}],"author":[{"embeddable":true,"href":"https:\/\/minilernkreis.de\/augsburg\/wp-json\/wp\/v2\/users\/4"}],"replies":[{"embeddable":true,"href":"https:\/\/minilernkreis.de\/augsburg\/wp-json\/wp\/v2\/comments?post=29"}],"version-history":[{"count":1,"href":"https:\/\/minilernkreis.de\/augsburg\/wp-json\/wp\/v2\/pages\/29\/revisions"}],"predecessor-version":[{"id":89,"href":"https:\/\/minilernkreis.de\/augsburg\/wp-json\/wp\/v2\/pages\/29\/revisions\/89"}],"wp:attachment":[{"href":"https:\/\/minilernkreis.de\/augsburg\/wp-json\/wp\/v2\/media?parent=29"}],"curies":[{"name":"wp","href":"https:\/\/api.w.org\/{rel}","templated":true}]}}